{"id":2085,"date":"2022-02-21T22:40:17","date_gmt":"2022-02-21T22:40:17","guid":{"rendered":"https:\/\/www.maisonose.nl\/?page_id=2085"},"modified":"2022-02-21T22:50:55","modified_gmt":"2022-02-21T22:50:55","slug":"gebruiksvoorwaarden","status":"publish","type":"page","link":"https:\/\/www.maisonose.nl\/en\/gebruiksvoorwaarden\/","title":{"rendered":"Terms of Use"},"content":{"rendered":"<div data-elementor-type=\"wp-page\" data-elementor-id=\"2085\" class=\"elementor elementor-2085\" data-elementor-post-type=\"page\">\n\t\t\t\t\t\t<section class=\"elementor-section elementor-top-section elementor-element elementor-element-254d5f01 elementor-section-boxed elementor-section-height-default elementor-section-height-default\" data-id=\"254d5f01\" data-element_type=\"section\" data-e-type=\"section\">\n\t\t\t\t\t\t<div class=\"elementor-container elementor-column-gap-default\">\n\t\t\t\t\t<div class=\"elementor-column elementor-col-100 elementor-top-column elementor-element elementor-element-5bff25b5\" data-id=\"5bff25b5\" data-element_type=\"column\" data-e-type=\"column\">\n\t\t\t<div class=\"elementor-widget-wrap elementor-element-populated\">\n\t\t\t\t\t\t<div class=\"elementor-element elementor-element-71a0c168 elementor-widget elementor-widget-text-editor\" data-id=\"71a0c168\" data-element_type=\"widget\" data-e-type=\"widget\" data-widget_type=\"text-editor.default\">\n\t\t\t\t<div class=\"elementor-widget-container\">\n\t\t\t\t\t\t\t\t\t<p><\/p>\n<p>\u00a0<\/p>\n<p>\u00a0<\/p>\n<p>GEBRUIKSVOORWAARDEN<\/p>\n<p>\u00a0<\/p>\n<p>Uw toegang tot en gebruik van de website van Maison Os\u00e9 en de daaraan gerelateerde sites (gezamenlijk te noemen: de \u2018Site van Maison Os\u00e9 \u2019) zijn onderworpen aan deze Algemene Gebruiksvoorwaarden (\u2018Gebruiksvoorwaarden\u2019). Leest u deze Gebruiksvoorwaarden zorgvuldig door voordat u de Site van Maison Os\u00e9 gebruikt. Wanneer u gebruik maakt van de Site van Maison Os\u00e9, gaat u akkoord met de onderhavige Gebruiksvoorwaarden; indien u niet akkoord gaat met deze Gebruiksvoorwaarden, dient u de Site van Maison Os\u00e9 niet te gebruiken.<\/p>\n<p>Deze Gebruiksvoorwaarden vormen een aanvulling op de bijzondere voorwaarden die van toepassing zijn op de door Maison Os\u00e9 aangeboden producten of diensten.<\/p>\n<p>Maison Os\u00e9 verleent geen garantie aangaande de juistheid, volledigheid of actualiteit van de gegevens en\/of programma\u2019s (\u2018de Informatie\u2019) die op deze Site van Maison Os\u00e9 beschikbaar worden gesteld. De Informatie wordt geleverd \u2018in de staat waarin deze zich bevindt\u2019 en \u2018zoals deze beschikbaar is\u2019 zonder enige uitdrukkelijke of stilzwijgende garanties, met inbegrip van, doch niet beperkt tot, stilzwijgende garanties met betrekking tot de verkoopbaarheid of geschiktheid voor een bepaald gebruiksdoel, of met betrekking tot het niet aantasten van intellectuele eigendomsrechten van derden.<\/p>\n<p>In geen geval zijn Maison Os\u00e9 of de aan haar gelieerde ondernemingen aansprakelijk voor directe, indirecte, bijzondere of gevolgschade van welke aard dan ook dan wel overige schade die voortvloeit uit of verband houdt met het gebruik van of het stellen van vertrouwen in de op deze website of op andere daaraan gekoppelde websites gevonden informatie, met inbegrip van doch niet uitsluitend gederfde winst, bedrijfsschade en verlies van programma\u2019s of andere gegevens, zelfs indien Maison Os\u00e9 uitdrukkelijk op de hoogte is gesteld van de mogelijkheid van voornoemde schade.<\/p>\n<p>U bent verantwoordelijk voor de inhoud van al het materiaal dat u op de Site van Maison Os\u00e9 plaatst. Maison Os\u00e9 is niet verantwoordelijk voor de inhoud van berichten of gegevens die door gebruikers op de Site worden geplaatst of voor de inhoud van door derden op internet geplaatste informatie, zelfs indien de toegang daartoe via de Site van Maison Os\u00e9 wordt verkregen. Maison Os\u00e9 behoudt zich echter het recht voor om geheel naar eigen goeddunken materiaal dat naar het oordeel van Maison Os\u00e9 illegaal, aanstootgevend of anderszins ongepast is, te bekijken, te bewerken dan wel te verwijderen.<\/p>\n<p>U kunt door middel van hypertekst of andere computerlinks toegang krijgen tot andere internetsites die geen deel uitmaken van de Site van Maison Os\u00e9 . Maison Os\u00e9 doet geen toezeggingen en geeft geen garanties of waardeoordelen aangaande websites waartoe via een Site van Maison Os\u00e9 toegang wordt verkregen. Wanneer u toegang krijgt tot een site die geen deel uitmaakt van de Site van Maison Os\u00e9 , dient u zich te realiseren dat Maison Os\u00e9 geen invloed heeft op de inhoud of de informatie op die site. U bent er zelf voor verantwoordelijk uw systeem tegen virussen, malware, Trojaanse paarden en andere schadelijke zaken te beschermen.<\/p>\n<p>Maison Os\u00e9 alsmede het logo en de producten van Maison Os\u00e9 waarnaar op een Site van Maison Os\u00e9 wordt verwezen, zijn hetzij (gedeponeerde) handelsmerken, dienstmerken, auteursrechten hetzij andere rechten van intellectueel eigendom van Maison Os\u00e9 of de aan haar gelieerde ondernemingen. Andere producten en bedrijfsnamen die op een Site van Maison Os\u00e9 worden genoemd, kunnen beschermd zijn door de intellectuele eigendomsrechten van de desbetreffende rechthebbenden. Het is u niet toegestaan om zonder toestemming van Maison Os\u00e9 gebruik te maken van zaken waarop intellectuele eigendomsrechten van Maison Os\u00e9 rusten. Het is u niet toegestaan gebruik te maken van zaken waarop intellectuele eigendomsrechten van Maison Os\u00e9 rusten, met inbegrip van de afbeeldingen die op deze Site van Maison Os\u00e9 worden aangetroffen, de inhoud van tekstgedeelten dan wel de lay-out\/vormgeving van een pagina of een bepaalde vorm op een pagina, alsook is het u verboden deze te framen of met behulp van framingtechnieken te omlijsten. Behoudens het hierboven gestelde, krijgt u geen enkel recht of licentie door implicatie, uitsluiting of anderszins in of onder het intellectuele eigendom van Maison Os\u00e9 of van een derde partij.<\/p>\n<p>U mag geen informatie van een Site van Maison Os\u00e9 via een robot of op enigerlei geautomatiseerde wijze ophalen.<\/p>\n<p>Maison Os\u00e9 behoudt zich het recht voor deze Gebruiksvoorwaarden te allen tijde en zonder voorafgaande kennisgeving te wijzigen. Deze wijzigingen zijn onmiddellijk na publicatie van kracht. U stemt ermee in dat u de Site van Maison Os\u00e9 geregeld zult bestuderen teneinde op de hoogte te blijven van voornoemde wijzigingen. U wordt geacht in te stemmen met de gewijzigde Gebruiksvoorwaarden indien u een Site van Maison Os\u00e9 blijft gebruiken nadat de voornoemde wijzigingen zijn aangebracht.<\/p>\n<p>De Site van Maison Os\u00e9 mag niet in zijn geheel of gedeeltelijk worden gereproduceerd, gewijzigd of in welke vorm dan ook worden verspreid zonder de voorafgaande schriftelijke toestemming van Maison Os\u00e9.<\/p>\n<p><\/p>\t\t\t\t\t\t\t\t<\/div>\n\t\t\t\t<\/div>\n\t\t\t\t\t<\/div>\n\t\t<\/div>\n\t\t\t\t\t<\/div>\n\t\t<\/section>\n\t\t\t\t<\/div>","protected":false},"excerpt":{"rendered":"<p>\u00a0 \u00a0 GEBRUIKSVOORWAARDEN \u00a0 Uw toegang tot en gebruik van de website van Maison Os\u00e9 en de daaraan gerelateerde sites (gezamenlijk te noemen: de \u2018Site van Maison Os\u00e9 \u2019) zijn onderworpen aan deze Algemene Gebruiksvoorwaarden (\u2018Gebruiksvoorwaarden\u2019). Leest u deze Gebruiksvoorwaarden zorgvuldig door voordat u de Site van Maison Os\u00e9 gebruikt. Wanneer u gebruik maakt van [&hellip;]<\/p>\n","protected":false},"author":1,"featured_media":0,"parent":0,"menu_order":0,"comment_status":"closed","ping_status":"closed","template":"elementor_header_footer","meta":{"footnotes":""},"class_list":["post-2085","page","type-page","status-publish","hentry"],"yoast_head":"<!-- This site is optimized with the Yoast SEO plugin v27.4 - https:\/\/yoast.com\/product\/yoast-seo-wordpress\/ -->\n<title>Gebruiksvoorwaarden - Maison Os\u00e9<\/title>\n<meta name=\"robots\" content=\"index, follow, max-snippet:-1, max-image-preview:large, max-video-preview:-1\" \/>\n<link rel=\"canonical\" href=\"https:\/\/www.maisonose.nl\/en\/gebruiksvoorwaarden\/\" \/>\n<meta property=\"og:locale\" content=\"en_GB\" \/>\n<meta property=\"og:type\" content=\"article\" \/>\n<meta property=\"og:title\" content=\"Gebruiksvoorwaarden - Maison Os\u00e9\" \/>\n<meta property=\"og:description\" content=\"\u00a0 \u00a0 GEBRUIKSVOORWAARDEN \u00a0 Uw toegang tot en gebruik van de website van Maison Os\u00e9 en de daaraan gerelateerde sites (gezamenlijk te noemen: de \u2018Site van Maison Os\u00e9 \u2019) zijn onderworpen aan deze Algemene Gebruiksvoorwaarden (\u2018Gebruiksvoorwaarden\u2019). Leest u deze Gebruiksvoorwaarden zorgvuldig door voordat u de Site van Maison Os\u00e9 gebruikt. Wanneer u gebruik maakt van [&hellip;]\" \/>\n<meta property=\"og:url\" content=\"https:\/\/www.maisonose.nl\/en\/gebruiksvoorwaarden\/\" \/>\n<meta property=\"og:site_name\" content=\"Maison Os\u00e9\" \/>\n<meta property=\"article:modified_time\" content=\"2022-02-21T22:50:55+00:00\" \/>\n<meta name=\"twitter:card\" content=\"summary_large_image\" \/>\n<meta name=\"twitter:label1\" content=\"Estimated reading time\" \/>\n\t<meta name=\"twitter:data1\" content=\"4 minutes\" \/>\n<script type=\"application\/ld+json\" class=\"yoast-schema-graph\">{\"@context\":\"https:\\\/\\\/schema.org\",\"@graph\":[{\"@type\":\"WebPage\",\"@id\":\"https:\\\/\\\/www.maisonose.nl\\\/gebruiksvoorwaarden\\\/\",\"url\":\"https:\\\/\\\/www.maisonose.nl\\\/gebruiksvoorwaarden\\\/\",\"name\":\"Gebruiksvoorwaarden - Maison Os\u00e9\",\"isPartOf\":{\"@id\":\"https:\\\/\\\/www.maisonose.nl\\\/#website\"},\"datePublished\":\"2022-02-21T22:40:17+00:00\",\"dateModified\":\"2022-02-21T22:50:55+00:00\",\"breadcrumb\":{\"@id\":\"https:\\\/\\\/www.maisonose.nl\\\/gebruiksvoorwaarden\\\/#breadcrumb\"},\"inLanguage\":\"en-GB\",\"potentialAction\":[{\"@type\":\"ReadAction\",\"target\":[\"https:\\\/\\\/www.maisonose.nl\\\/gebruiksvoorwaarden\\\/\"]}]},{\"@type\":\"BreadcrumbList\",\"@id\":\"https:\\\/\\\/www.maisonose.nl\\\/gebruiksvoorwaarden\\\/#breadcrumb\",\"itemListElement\":[{\"@type\":\"ListItem\",\"position\":1,\"name\":\"Home\",\"item\":\"https:\\\/\\\/www.maisonose.nl\\\/\"},{\"@type\":\"ListItem\",\"position\":2,\"name\":\"Gebruiksvoorwaarden\"}]},{\"@type\":\"WebSite\",\"@id\":\"https:\\\/\\\/www.maisonose.nl\\\/#website\",\"url\":\"https:\\\/\\\/www.maisonose.nl\\\/\",\"name\":\"Maison Os\u00e9\",\"description\":\"Handgebreide mohair sweaters en cardigans. One of a kind keypieces handknit with quality yarns\",\"publisher\":{\"@id\":\"https:\\\/\\\/www.maisonose.nl\\\/#organization\"},\"potentialAction\":[{\"@type\":\"SearchAction\",\"target\":{\"@type\":\"EntryPoint\",\"urlTemplate\":\"https:\\\/\\\/www.maisonose.nl\\\/?s={search_term_string}\"},\"query-input\":{\"@type\":\"PropertyValueSpecification\",\"valueRequired\":true,\"valueName\":\"search_term_string\"}}],\"inLanguage\":\"en-GB\"},{\"@type\":\"Organization\",\"@id\":\"https:\\\/\\\/www.maisonose.nl\\\/#organization\",\"name\":\"Maison Os\u00e9\",\"url\":\"https:\\\/\\\/www.maisonose.nl\\\/\",\"logo\":{\"@type\":\"ImageObject\",\"inLanguage\":\"en-GB\",\"@id\":\"https:\\\/\\\/www.maisonose.nl\\\/#\\\/schema\\\/logo\\\/image\\\/\",\"url\":\"https:\\\/\\\/www.maisonose.nl\\\/wp-content\\\/uploads\\\/2022\\\/01\\\/cropped-maison-ose-logo-wit-transparant-groot.png\",\"contentUrl\":\"https:\\\/\\\/www.maisonose.nl\\\/wp-content\\\/uploads\\\/2022\\\/01\\\/cropped-maison-ose-logo-wit-transparant-groot.png\",\"width\":1500,\"height\":325,\"caption\":\"Maison Os\u00e9\"},\"image\":{\"@id\":\"https:\\\/\\\/www.maisonose.nl\\\/#\\\/schema\\\/logo\\\/image\\\/\"}}]}<\/script>\n<!-- \/ Yoast SEO plugin. -->","yoast_head_json":{"title":"Gebruiksvoorwaarden - Maison Os\u00e9","robots":{"index":"index","follow":"follow","max-snippet":"max-snippet:-1","max-image-preview":"max-image-preview:large","max-video-preview":"max-video-preview:-1"},"canonical":"https:\/\/www.maisonose.nl\/en\/gebruiksvoorwaarden\/","og_locale":"en_GB","og_type":"article","og_title":"Gebruiksvoorwaarden - Maison Os\u00e9","og_description":"\u00a0 \u00a0 GEBRUIKSVOORWAARDEN \u00a0 Uw toegang tot en gebruik van de website van Maison Os\u00e9 en de daaraan gerelateerde sites (gezamenlijk te noemen: de \u2018Site van Maison Os\u00e9 \u2019) zijn onderworpen aan deze Algemene Gebruiksvoorwaarden (\u2018Gebruiksvoorwaarden\u2019). Leest u deze Gebruiksvoorwaarden zorgvuldig door voordat u de Site van Maison Os\u00e9 gebruikt. Wanneer u gebruik maakt van [&hellip;]","og_url":"https:\/\/www.maisonose.nl\/en\/gebruiksvoorwaarden\/","og_site_name":"Maison Os\u00e9","article_modified_time":"2022-02-21T22:50:55+00:00","twitter_card":"summary_large_image","twitter_misc":{"Estimated reading time":"4 minutes"},"schema":{"@context":"https:\/\/schema.org","@graph":[{"@type":"WebPage","@id":"https:\/\/www.maisonose.nl\/gebruiksvoorwaarden\/","url":"https:\/\/www.maisonose.nl\/gebruiksvoorwaarden\/","name":"Gebruiksvoorwaarden - Maison Os\u00e9","isPartOf":{"@id":"https:\/\/www.maisonose.nl\/#website"},"datePublished":"2022-02-21T22:40:17+00:00","dateModified":"2022-02-21T22:50:55+00:00","breadcrumb":{"@id":"https:\/\/www.maisonose.nl\/gebruiksvoorwaarden\/#breadcrumb"},"inLanguage":"en-GB","potentialAction":[{"@type":"ReadAction","target":["https:\/\/www.maisonose.nl\/gebruiksvoorwaarden\/"]}]},{"@type":"BreadcrumbList","@id":"https:\/\/www.maisonose.nl\/gebruiksvoorwaarden\/#breadcrumb","itemListElement":[{"@type":"ListItem","position":1,"name":"Home","item":"https:\/\/www.maisonose.nl\/"},{"@type":"ListItem","position":2,"name":"Gebruiksvoorwaarden"}]},{"@type":"WebSite","@id":"https:\/\/www.maisonose.nl\/#website","url":"https:\/\/www.maisonose.nl\/","name":"Maison Os\u00e9","description":"Handgebreide mohair sweaters en cardigans. One of a kind keypieces handknit with quality yarns","publisher":{"@id":"https:\/\/www.maisonose.nl\/#organization"},"potentialAction":[{"@type":"SearchAction","target":{"@type":"EntryPoint","urlTemplate":"https:\/\/www.maisonose.nl\/?s={search_term_string}"},"query-input":{"@type":"PropertyValueSpecification","valueRequired":true,"valueName":"search_term_string"}}],"inLanguage":"en-GB"},{"@type":"Organization","@id":"https:\/\/www.maisonose.nl\/#organization","name":"Maison Os\u00e9","url":"https:\/\/www.maisonose.nl\/","logo":{"@type":"ImageObject","inLanguage":"en-GB","@id":"https:\/\/www.maisonose.nl\/#\/schema\/logo\/image\/","url":"https:\/\/www.maisonose.nl\/wp-content\/uploads\/2022\/01\/cropped-maison-ose-logo-wit-transparant-groot.png","contentUrl":"https:\/\/www.maisonose.nl\/wp-content\/uploads\/2022\/01\/cropped-maison-ose-logo-wit-transparant-groot.png","width":1500,"height":325,"caption":"Maison Os\u00e9"},"image":{"@id":"https:\/\/www.maisonose.nl\/#\/schema\/logo\/image\/"}}]}},"_links":{"self":[{"href":"https:\/\/www.maisonose.nl\/en\/wp-json\/wp\/v2\/pages\/2085","targetHints":{"allow":["GET"]}}],"collection":[{"href":"https:\/\/www.maisonose.nl\/en\/wp-json\/wp\/v2\/pages"}],"about":[{"href":"https:\/\/www.maisonose.nl\/en\/wp-json\/wp\/v2\/types\/page"}],"author":[{"embeddable":true,"href":"https:\/\/www.maisonose.nl\/en\/wp-json\/wp\/v2\/users\/1"}],"replies":[{"embeddable":true,"href":"https:\/\/www.maisonose.nl\/en\/wp-json\/wp\/v2\/comments?post=2085"}],"version-history":[{"count":11,"href":"https:\/\/www.maisonose.nl\/en\/wp-json\/wp\/v2\/pages\/2085\/revisions"}],"predecessor-version":[{"id":2106,"href":"https:\/\/www.maisonose.nl\/en\/wp-json\/wp\/v2\/pages\/2085\/revisions\/2106"}],"wp:attachment":[{"href":"https:\/\/www.maisonose.nl\/en\/wp-json\/wp\/v2\/media?parent=2085"}],"curies":[{"name":"wp","href":"https:\/\/api.w.org\/{rel}","templated":true}]}}