{"id":802,"date":"2022-01-28T15:42:44","date_gmt":"2022-01-28T15:42:44","guid":{"rendered":"https:\/\/www.maisonose.nl\/?page_id=802"},"modified":"2024-03-18T09:49:50","modified_gmt":"2024-03-18T09:49:50","slug":"home-gebreide-mohair-truien-en-vesten","status":"publish","type":"page","link":"https:\/\/www.maisonose.nl\/en\/","title":{"rendered":"Home &#8211; Maison Os\u00e9 hand gebreide mohair truien en vesten."},"content":{"rendered":"<p>Maison Os\u00e9 hand gebreide mohair truien en vesten. Uniek en op maat gemaakt gebreid vest of trui door Maison Os\u00e9. Alle sweaters, gilets en cardigans zijn ontworpen door Maison Os\u00e9. In de webshop zijn alle gebreide truien en vesten te zien. Gebreide vesten met kabels op de mouwen of vesten in pastel tinten. <\/p>\n\n\n\n<h2 class=\"wp-block-heading\">Hand gebreide mohair damesvesten en truien<\/h2>\n\n\n\n<p>Lange hand gebreide damesvesten met tie-dye strepen in trendkleuren. Grof gebreide lange damesvesten in prachtige kleuren. Alle knitwear is met de hand gemaakt. Ben je op zoek naar een mooi duurzaam item voor je garderobe? Kijk dan in de webshop. <a href=\"https:\/\/www.maisonose.nl\/en\/shop\/\">Klik hier<\/a> voor de hele collectie hand gebreide mohair truien en vesten voor dames. Unieke gebreide vesten voor dames in prachtige kleurencombinaties vind je hier bij Maison Os\u00e9. <\/p>\n\n\n\n<h2 class=\"wp-block-heading\">Nieuw gebreide mouwloze vesten <\/h2>\n\n\n\n<p>Een nieuw ontwerp van Maison Os\u00e9 zijn de mouwloze vesten. Het ontwerp van de gebreide gilets is uniek. De schouders van de gebreide gilets hebben een padded effect. De armgaten zijn laag waardoor er makkelijk wijde mouwen onder gedragen kunnen worden. De boho gilets zijn echt een trend op gebied van knitwear voor dames. Bij Maison Os\u00e9 kan je je favoriete mohair knitwear vinden in alpaca of wol. <\/p>\n\n\n\n<p><\/p>\n\n\n\n<figure class=\"wp-block-image size-large is-resized\"><img fetchpriority=\"high\" decoding=\"async\" src=\"https:\/\/www.maisonose.nl\/wp-content\/uploads\/2022\/06\/bohostyle_pastel_damesvest-scaled-e1656585142964-1024x985.jpg\" alt=\"hand gebreide mohair truien en vesten\" class=\"wp-image-3541\" style=\"width:293px;height:282px\" width=\"293\" height=\"282\" srcset=\"https:\/\/www.maisonose.nl\/wp-content\/uploads\/2022\/06\/bohostyle_pastel_damesvest-scaled-e1656585142964-1024x985.jpg 1024w, https:\/\/www.maisonose.nl\/wp-content\/uploads\/2022\/06\/bohostyle_pastel_damesvest-scaled-e1656585142964-300x289.jpg 300w, https:\/\/www.maisonose.nl\/wp-content\/uploads\/2022\/06\/bohostyle_pastel_damesvest-scaled-e1656585142964-768x739.jpg 768w, https:\/\/www.maisonose.nl\/wp-content\/uploads\/2022\/06\/bohostyle_pastel_damesvest-scaled-e1656585142964-1536x1478.jpg 1536w, https:\/\/www.maisonose.nl\/wp-content\/uploads\/2022\/06\/bohostyle_pastel_damesvest-scaled-e1656585142964-2048x1970.jpg 2048w, https:\/\/www.maisonose.nl\/wp-content\/uploads\/2022\/06\/bohostyle_pastel_damesvest-scaled-e1656585142964-12x12.jpg 12w, https:\/\/www.maisonose.nl\/wp-content\/uploads\/2022\/06\/bohostyle_pastel_damesvest-scaled-e1656585142964-600x577.jpg 600w\" sizes=\"(max-width: 293px) 100vw, 293px\" \/><\/figure>","protected":false},"excerpt":{"rendered":"<p>Maison Os\u00e9 hand gebreide mohair truien en vesten. Uniek en op maat gemaakt gebreid vest of trui door Maison Os\u00e9. Alle sweaters, gilets en cardigans zijn ontworpen door Maison Os\u00e9. In de webshop zijn alle gebreide truien en vesten te zien. Gebreide vesten met kabels op de mouwen of vesten in pastel tinten. Hand gebreide [&hellip;]<\/p>\n","protected":false},"author":1,"featured_media":3183,"parent":0,"menu_order":0,"comment_status":"open","ping_status":"closed","template":"","meta":{"footnotes":""},"class_list":["post-802","page","type-page","status-publish","has-post-thumbnail","hentry"],"yoast_head":"<!-- This site is optimized with the Yoast SEO plugin v27.3 - https:\/\/yoast.com\/product\/yoast-seo-wordpress\/ -->\n<title>Maison Os\u00e9 - Chunky mohair knitwear - Dames Cardigans &amp; Vesten<\/title>\n<meta name=\"description\" content=\"Hand gebreide mohair truien en vesten voor dames. Uniek gebreid damesvest van mohair, wol en alpaca in vele kleuren\" \/>\n<meta name=\"robots\" content=\"index, follow, max-snippet:-1, max-image-preview:large, max-video-preview:-1\" \/>\n<link rel=\"canonical\" href=\"https:\/\/www.maisonose.nl\/en\/\" \/>\n<meta property=\"og:locale\" content=\"en_GB\" \/>\n<meta property=\"og:type\" content=\"article\" \/>\n<meta property=\"og:title\" content=\"Hand gebreide mohair gilets, truien en vesten voor dames\" \/>\n<meta property=\"og:description\" content=\"Hand gebreide mohair gilets, truien en vesten voor dames. Alle gebreide sweaters en cardigans zijn ontworpen en met de hand gebreid door Maison Os\u00e9.\" \/>\n<meta property=\"og:url\" content=\"https:\/\/www.maisonose.nl\/en\/\" \/>\n<meta property=\"og:site_name\" content=\"Maison Os\u00e9\" \/>\n<meta property=\"article:modified_time\" content=\"2024-03-18T09:49:50+00:00\" \/>\n<meta property=\"og:image\" content=\"https:\/\/www.maisonose.nl\/wp-content\/uploads\/2022\/05\/bohostyle_padded_shoulder_bodywarmer_offwhite_wool_mohair-scaled-e1654011276576.jpg\" \/>\n\t<meta property=\"og:image:width\" content=\"1772\" \/>\n\t<meta property=\"og:image:height\" content=\"2400\" \/>\n\t<meta property=\"og:image:type\" content=\"image\/jpeg\" \/>\n<meta name=\"twitter:card\" content=\"summary_large_image\" \/>\n<meta name=\"twitter:label1\" content=\"Estimated reading time\" \/>\n\t<meta name=\"twitter:data1\" content=\"2 minutes\" \/>\n<script type=\"application\/ld+json\" class=\"yoast-schema-graph\">{\"@context\":\"https:\\\/\\\/schema.org\",\"@graph\":[{\"@type\":\"WebPage\",\"@id\":\"https:\\\/\\\/www.maisonose.nl\\\/\",\"url\":\"https:\\\/\\\/www.maisonose.nl\\\/\",\"name\":\"Maison Os\u00e9 - Chunky mohair knitwear - Dames Cardigans & Vesten\",\"isPartOf\":{\"@id\":\"https:\\\/\\\/www.maisonose.nl\\\/#website\"},\"primaryImageOfPage\":{\"@id\":\"https:\\\/\\\/www.maisonose.nl\\\/#primaryimage\"},\"image\":{\"@id\":\"https:\\\/\\\/www.maisonose.nl\\\/#primaryimage\"},\"thumbnailUrl\":\"https:\\\/\\\/www.maisonose.nl\\\/wp-content\\\/uploads\\\/2022\\\/05\\\/bohostyle_padded_shoulder_bodywarmer_offwhite_wool_mohair-scaled-e1654011276576.jpg\",\"datePublished\":\"2022-01-28T15:42:44+00:00\",\"dateModified\":\"2024-03-18T09:49:50+00:00\",\"description\":\"Hand gebreide mohair truien en vesten voor dames. Uniek gebreid damesvest van mohair, wol en alpaca in vele kleuren\",\"breadcrumb\":{\"@id\":\"https:\\\/\\\/www.maisonose.nl\\\/#breadcrumb\"},\"inLanguage\":\"en-GB\",\"potentialAction\":[{\"@type\":\"ReadAction\",\"target\":[\"https:\\\/\\\/www.maisonose.nl\\\/\"]}]},{\"@type\":\"ImageObject\",\"inLanguage\":\"en-GB\",\"@id\":\"https:\\\/\\\/www.maisonose.nl\\\/#primaryimage\",\"url\":\"https:\\\/\\\/www.maisonose.nl\\\/wp-content\\\/uploads\\\/2022\\\/05\\\/bohostyle_padded_shoulder_bodywarmer_offwhite_wool_mohair-scaled-e1654011276576.jpg\",\"contentUrl\":\"https:\\\/\\\/www.maisonose.nl\\\/wp-content\\\/uploads\\\/2022\\\/05\\\/bohostyle_padded_shoulder_bodywarmer_offwhite_wool_mohair-scaled-e1654011276576.jpg\",\"width\":1772,\"height\":2400,\"caption\":\"hand gebreid mouwloos vest ecru\"},{\"@type\":\"BreadcrumbList\",\"@id\":\"https:\\\/\\\/www.maisonose.nl\\\/#breadcrumb\",\"itemListElement\":[{\"@type\":\"ListItem\",\"position\":1,\"name\":\"Home\",\"item\":\"https:\\\/\\\/www.maisonose.nl\\\/\"},{\"@type\":\"ListItem\",\"position\":2,\"name\":\"Home &#8211; Maison Os\u00e9 hand gebreide mohair truien en vesten.\"}]},{\"@type\":\"WebSite\",\"@id\":\"https:\\\/\\\/www.maisonose.nl\\\/#website\",\"url\":\"https:\\\/\\\/www.maisonose.nl\\\/\",\"name\":\"Maison Os\u00e9\",\"description\":\"Handgebreide mohair sweaters en cardigans. One of a kind keypieces handknit with quality yarns\",\"publisher\":{\"@id\":\"https:\\\/\\\/www.maisonose.nl\\\/#organization\"},\"potentialAction\":[{\"@type\":\"SearchAction\",\"target\":{\"@type\":\"EntryPoint\",\"urlTemplate\":\"https:\\\/\\\/www.maisonose.nl\\\/?s={search_term_string}\"},\"query-input\":{\"@type\":\"PropertyValueSpecification\",\"valueRequired\":true,\"valueName\":\"search_term_string\"}}],\"inLanguage\":\"en-GB\"},{\"@type\":\"Organization\",\"@id\":\"https:\\\/\\\/www.maisonose.nl\\\/#organization\",\"name\":\"Maison Os\u00e9\",\"url\":\"https:\\\/\\\/www.maisonose.nl\\\/\",\"logo\":{\"@type\":\"ImageObject\",\"inLanguage\":\"en-GB\",\"@id\":\"https:\\\/\\\/www.maisonose.nl\\\/#\\\/schema\\\/logo\\\/image\\\/\",\"url\":\"https:\\\/\\\/www.maisonose.nl\\\/wp-content\\\/uploads\\\/2022\\\/01\\\/cropped-maison-ose-logo-wit-transparant-groot.png\",\"contentUrl\":\"https:\\\/\\\/www.maisonose.nl\\\/wp-content\\\/uploads\\\/2022\\\/01\\\/cropped-maison-ose-logo-wit-transparant-groot.png\",\"width\":1500,\"height\":325,\"caption\":\"Maison Os\u00e9\"},\"image\":{\"@id\":\"https:\\\/\\\/www.maisonose.nl\\\/#\\\/schema\\\/logo\\\/image\\\/\"}}]}<\/script>\n<!-- \/ Yoast SEO plugin. -->","yoast_head_json":{"title":"Maison Os\u00e9 - Chunky mohair knitwear - Dames Cardigans & Vesten","description":"Hand gebreide mohair truien en vesten voor dames. Uniek gebreid damesvest van mohair, wol en alpaca in vele kleuren","robots":{"index":"index","follow":"follow","max-snippet":"max-snippet:-1","max-image-preview":"max-image-preview:large","max-video-preview":"max-video-preview:-1"},"canonical":"https:\/\/www.maisonose.nl\/en\/","og_locale":"en_GB","og_type":"article","og_title":"Hand gebreide mohair gilets, truien en vesten voor dames","og_description":"Hand gebreide mohair gilets, truien en vesten voor dames. Alle gebreide sweaters en cardigans zijn ontworpen en met de hand gebreid door Maison Os\u00e9.","og_url":"https:\/\/www.maisonose.nl\/en\/","og_site_name":"Maison Os\u00e9","article_modified_time":"2024-03-18T09:49:50+00:00","og_image":[{"width":1772,"height":2400,"url":"https:\/\/www.maisonose.nl\/wp-content\/uploads\/2022\/05\/bohostyle_padded_shoulder_bodywarmer_offwhite_wool_mohair-scaled-e1654011276576.jpg","type":"image\/jpeg"}],"twitter_card":"summary_large_image","twitter_misc":{"Estimated reading time":"2 minutes"},"schema":{"@context":"https:\/\/schema.org","@graph":[{"@type":"WebPage","@id":"https:\/\/www.maisonose.nl\/","url":"https:\/\/www.maisonose.nl\/","name":"Maison Os\u00e9 - Chunky mohair knitwear - Dames Cardigans & Vesten","isPartOf":{"@id":"https:\/\/www.maisonose.nl\/#website"},"primaryImageOfPage":{"@id":"https:\/\/www.maisonose.nl\/#primaryimage"},"image":{"@id":"https:\/\/www.maisonose.nl\/#primaryimage"},"thumbnailUrl":"https:\/\/www.maisonose.nl\/wp-content\/uploads\/2022\/05\/bohostyle_padded_shoulder_bodywarmer_offwhite_wool_mohair-scaled-e1654011276576.jpg","datePublished":"2022-01-28T15:42:44+00:00","dateModified":"2024-03-18T09:49:50+00:00","description":"Hand gebreide mohair truien en vesten voor dames. Uniek gebreid damesvest van mohair, wol en alpaca in vele kleuren","breadcrumb":{"@id":"https:\/\/www.maisonose.nl\/#breadcrumb"},"inLanguage":"en-GB","potentialAction":[{"@type":"ReadAction","target":["https:\/\/www.maisonose.nl\/"]}]},{"@type":"ImageObject","inLanguage":"en-GB","@id":"https:\/\/www.maisonose.nl\/#primaryimage","url":"https:\/\/www.maisonose.nl\/wp-content\/uploads\/2022\/05\/bohostyle_padded_shoulder_bodywarmer_offwhite_wool_mohair-scaled-e1654011276576.jpg","contentUrl":"https:\/\/www.maisonose.nl\/wp-content\/uploads\/2022\/05\/bohostyle_padded_shoulder_bodywarmer_offwhite_wool_mohair-scaled-e1654011276576.jpg","width":1772,"height":2400,"caption":"hand gebreid mouwloos vest ecru"},{"@type":"BreadcrumbList","@id":"https:\/\/www.maisonose.nl\/#breadcrumb","itemListElement":[{"@type":"ListItem","position":1,"name":"Home","item":"https:\/\/www.maisonose.nl\/"},{"@type":"ListItem","position":2,"name":"Home &#8211; Maison Os\u00e9 hand gebreide mohair truien en vesten."}]},{"@type":"WebSite","@id":"https:\/\/www.maisonose.nl\/#website","url":"https:\/\/www.maisonose.nl\/","name":"Maison Os\u00e9","description":"Handgebreide mohair sweaters en cardigans. One of a kind keypieces handknit with quality yarns","publisher":{"@id":"https:\/\/www.maisonose.nl\/#organization"},"potentialAction":[{"@type":"SearchAction","target":{"@type":"EntryPoint","urlTemplate":"https:\/\/www.maisonose.nl\/?s={search_term_string}"},"query-input":{"@type":"PropertyValueSpecification","valueRequired":true,"valueName":"search_term_string"}}],"inLanguage":"en-GB"},{"@type":"Organization","@id":"https:\/\/www.maisonose.nl\/#organization","name":"Maison Os\u00e9","url":"https:\/\/www.maisonose.nl\/","logo":{"@type":"ImageObject","inLanguage":"en-GB","@id":"https:\/\/www.maisonose.nl\/#\/schema\/logo\/image\/","url":"https:\/\/www.maisonose.nl\/wp-content\/uploads\/2022\/01\/cropped-maison-ose-logo-wit-transparant-groot.png","contentUrl":"https:\/\/www.maisonose.nl\/wp-content\/uploads\/2022\/01\/cropped-maison-ose-logo-wit-transparant-groot.png","width":1500,"height":325,"caption":"Maison Os\u00e9"},"image":{"@id":"https:\/\/www.maisonose.nl\/#\/schema\/logo\/image\/"}}]}},"_links":{"self":[{"href":"https:\/\/www.maisonose.nl\/en\/wp-json\/wp\/v2\/pages\/802","targetHints":{"allow":["GET"]}}],"collection":[{"href":"https:\/\/www.maisonose.nl\/en\/wp-json\/wp\/v2\/pages"}],"about":[{"href":"https:\/\/www.maisonose.nl\/en\/wp-json\/wp\/v2\/types\/page"}],"author":[{"embeddable":true,"href":"https:\/\/www.maisonose.nl\/en\/wp-json\/wp\/v2\/users\/1"}],"replies":[{"embeddable":true,"href":"https:\/\/www.maisonose.nl\/en\/wp-json\/wp\/v2\/comments?post=802"}],"version-history":[{"count":18,"href":"https:\/\/www.maisonose.nl\/en\/wp-json\/wp\/v2\/pages\/802\/revisions"}],"predecessor-version":[{"id":4348,"href":"https:\/\/www.maisonose.nl\/en\/wp-json\/wp\/v2\/pages\/802\/revisions\/4348"}],"wp:featuredmedia":[{"embeddable":true,"href":"https:\/\/www.maisonose.nl\/en\/wp-json\/wp\/v2\/media\/3183"}],"wp:attachment":[{"href":"https:\/\/www.maisonose.nl\/en\/wp-json\/wp\/v2\/media?parent=802"}],"curies":[{"name":"wp","href":"https:\/\/api.w.org\/{rel}","templated":true}]}}