{"id":1989,"date":"2022-02-17T11:43:16","date_gmt":"2022-02-17T11:43:16","guid":{"rendered":"https:\/\/www.maisonose.nl\/?post_type=product&#038;p=1989"},"modified":"2023-07-29T14:02:37","modified_gmt":"2023-07-29T14:02:37","slug":"kabelvest-mohair-berry-blauw-turquoise-oranje","status":"publish","type":"product","link":"https:\/\/www.maisonose.nl\/en\/product\/kabelvest-mohair-berry-blauw-turquoise-oranje\/","title":{"rendered":"Cable cardigan mohair mixed berry blue turquoise and rust"},"content":{"rendered":"<h1>Cable cardigan mohair mixed berry blue turquoise and rust<\/h1>\n<p>Hand knit cable cardigan mohair in purple blue turquoise and rust color. This short ladies cardigan is hand knitted with eco-friendly produced mohair. Four strands of mohair from Fonty (75% mohair, 20% wool and 5% polyamide) were used. This beautiful mohair yarn consists of 95% natural materials. Fonty Ombelle is a beautifully fluffy mohair yarn. To give the mohair yarn strength, it is mixed with sheep's wool. In the design of this cardigan, the colors berry, mauve blue, rust orange and turquoise are used. This has created a blended effect in the knitted mohair cable cardigan.\u00a0 On the sleeves of the short mohair ladies cardigan are cables knitted in. The knitted cable sleeves give a playful effect to the knitted mohair cardigan.<\/p>\n<p><img fetchpriority=\"high\" decoding=\"async\" class=\"alignnone wp-image-1982 size-medium\" src=\"https:\/\/www.maisonose.nl\/wp-content\/uploads\/2022\/02\/paars_blauw_kabelvest_mohair_gebreid_kort_model-scaled-e1648542430308-236x300.jpg\" alt=\"gebreid kabelvest mohair paars blauw turquoise oranje\" width=\"236\" height=\"300\" srcset=\"https:\/\/www.maisonose.nl\/wp-content\/uploads\/2022\/02\/paars_blauw_kabelvest_mohair_gebreid_kort_model-scaled-e1648542430308-236x300.jpg 236w, https:\/\/www.maisonose.nl\/wp-content\/uploads\/2022\/02\/paars_blauw_kabelvest_mohair_gebreid_kort_model-scaled-e1648542430308-804x1024.jpg 804w, https:\/\/www.maisonose.nl\/wp-content\/uploads\/2022\/02\/paars_blauw_kabelvest_mohair_gebreid_kort_model-scaled-e1648542430308-768x978.jpg 768w, https:\/\/www.maisonose.nl\/wp-content\/uploads\/2022\/02\/paars_blauw_kabelvest_mohair_gebreid_kort_model-scaled-e1648542430308-1207x1536.jpg 1207w, https:\/\/www.maisonose.nl\/wp-content\/uploads\/2022\/02\/paars_blauw_kabelvest_mohair_gebreid_kort_model-scaled-e1648542430308-1609x2048.jpg 1609w, https:\/\/www.maisonose.nl\/wp-content\/uploads\/2022\/02\/paars_blauw_kabelvest_mohair_gebreid_kort_model-scaled-e1648542430308-600x764.jpg 600w, https:\/\/www.maisonose.nl\/wp-content\/uploads\/2022\/02\/paars_blauw_kabelvest_mohair_gebreid_kort_model-scaled-e1648542430308-9x12.jpg 9w, https:\/\/www.maisonose.nl\/wp-content\/uploads\/2022\/02\/paars_blauw_kabelvest_mohair_gebreid_kort_model-scaled-e1648542430308.jpg 1920w\" sizes=\"(max-width: 236px) 100vw, 236px\" \/><img decoding=\"async\" class=\"alignnone wp-image-2827 size-medium\" src=\"https:\/\/www.maisonose.nl\/wp-content\/uploads\/2022\/02\/gebreid_mohair_danesvest_kort_model_blauw_paars-scaled-e1648542393771-235x300.jpg\" alt=\"hand gebreid mohair kabel vest kort model\" width=\"235\" height=\"300\" srcset=\"https:\/\/www.maisonose.nl\/wp-content\/uploads\/2022\/02\/gebreid_mohair_danesvest_kort_model_blauw_paars-scaled-e1648542393771-235x300.jpg 235w, https:\/\/www.maisonose.nl\/wp-content\/uploads\/2022\/02\/gebreid_mohair_danesvest_kort_model_blauw_paars-scaled-e1648542393771-802x1024.jpg 802w, https:\/\/www.maisonose.nl\/wp-content\/uploads\/2022\/02\/gebreid_mohair_danesvest_kort_model_blauw_paars-scaled-e1648542393771-768x980.jpg 768w, https:\/\/www.maisonose.nl\/wp-content\/uploads\/2022\/02\/gebreid_mohair_danesvest_kort_model_blauw_paars-scaled-e1648542393771-1203x1536.jpg 1203w, https:\/\/www.maisonose.nl\/wp-content\/uploads\/2022\/02\/gebreid_mohair_danesvest_kort_model_blauw_paars-scaled-e1648542393771-1604x2048.jpg 1604w, https:\/\/www.maisonose.nl\/wp-content\/uploads\/2022\/02\/gebreid_mohair_danesvest_kort_model_blauw_paars-scaled-e1648542393771-9x12.jpg 9w, https:\/\/www.maisonose.nl\/wp-content\/uploads\/2022\/02\/gebreid_mohair_danesvest_kort_model_blauw_paars-scaled-e1648542393771-600x766.jpg 600w, https:\/\/www.maisonose.nl\/wp-content\/uploads\/2022\/02\/gebreid_mohair_danesvest_kort_model_blauw_paars-scaled-e1648542393771.jpg 1920w\" sizes=\"(max-width: 235px) 100vw, 235px\" \/><img decoding=\"async\" class=\"alignnone wp-image-2828 size-medium\" src=\"https:\/\/www.maisonose.nl\/wp-content\/uploads\/2022\/02\/blauw_paars_turquoise_kabelvest_mohair_kort_model-scaled-e1648542362819-239x300.jpg\" alt=\"pull mohair paars\" width=\"239\" height=\"300\" srcset=\"https:\/\/www.maisonose.nl\/wp-content\/uploads\/2022\/02\/blauw_paars_turquoise_kabelvest_mohair_kort_model-scaled-e1648542362819-239x300.jpg 239w, https:\/\/www.maisonose.nl\/wp-content\/uploads\/2022\/02\/blauw_paars_turquoise_kabelvest_mohair_kort_model-scaled-e1648542362819-817x1024.jpg 817w, https:\/\/www.maisonose.nl\/wp-content\/uploads\/2022\/02\/blauw_paars_turquoise_kabelvest_mohair_kort_model-scaled-e1648542362819-768x962.jpg 768w, https:\/\/www.maisonose.nl\/wp-content\/uploads\/2022\/02\/blauw_paars_turquoise_kabelvest_mohair_kort_model-scaled-e1648542362819-1226x1536.jpg 1226w, https:\/\/www.maisonose.nl\/wp-content\/uploads\/2022\/02\/blauw_paars_turquoise_kabelvest_mohair_kort_model-scaled-e1648542362819-1634x2048.jpg 1634w, https:\/\/www.maisonose.nl\/wp-content\/uploads\/2022\/02\/blauw_paars_turquoise_kabelvest_mohair_kort_model-scaled-e1648542362819-10x12.jpg 10w, https:\/\/www.maisonose.nl\/wp-content\/uploads\/2022\/02\/blauw_paars_turquoise_kabelvest_mohair_kort_model-scaled-e1648542362819-600x752.jpg 600w, https:\/\/www.maisonose.nl\/wp-content\/uploads\/2022\/02\/blauw_paars_turquoise_kabelvest_mohair_kort_model-scaled-e1648542362819.jpg 1920w\" sizes=\"(max-width: 239px) 100vw, 239px\" \/><\/p>\n<p>&nbsp;<\/p>\n<h2>Size and model knitted cable cardigan mohair in purple blue turquoise and rust<\/h2>\n<p>The size of the cable cardigan in mohair falls as small\/medium, size 38 EU. The model of the mohair cardigan falls slightly shorter. The ladies cardigan has a lot of volume in the body and in the sleeves. The sleeves of the mohair cable cardigan have beautiful wavy cables. The cable sleeves are therefore flexible. The length of the purple blue mohair cable cardigan is approximately 57 centimeters. This beautiful ladies cardigan is also available in l<a href=\"https:\/\/www.maisonose.nl\/en\/product\/pastel-kabelvest-mohair-lichtroze\/\"><strong>ight pink with pastel colors, click here for more info.<\/strong><\/a><\/p>\n<p>&nbsp;<\/p>\n<p>&nbsp;<\/p>\n<p>&nbsp;<\/p>","protected":false},"excerpt":{"rendered":"<p>Kabelvest mohair gem\u00ealeerd berry blauw turquoise en roest Hand gebreid kabelvest mohair in paars blauw turquoise en roest kleur. Dit korte damesvest is met eco-friendly geproduceerde mohair met de hand gebreid. Er zijn vier draden mohair van Fonty (75% mohair, 20% wol en 5% polyamide) gebruikt. Dit mooie mohair garen bestaat voor 95% uit natuurlijke [&hellip;]<\/p>\n","protected":false},"featured_media":4271,"comment_status":"open","ping_status":"closed","template":"","meta":[],"product_brand":[],"product_cat":[17],"product_tag":[83,64],"class_list":{"0":"post-1989","1":"product","2":"type-product","3":"status-publish","4":"has-post-thumbnail","6":"product_cat-gebreide-mohair-sweaters","7":"product_tag-blauw-vest","8":"product_tag-kabelvest-mohair","10":"first","11":"outofstock","12":"taxable","13":"shipping-taxable","14":"purchasable","15":"product-type-simple"},"yoast_head":"<!-- This site is optimized with the Yoast SEO plugin v27.5 - https:\/\/yoast.com\/product\/yoast-seo-wordpress\/ -->\n<title>Kabelvest mohair gem\u00ealeerd berry blauw turquoise en roest - Maison Os\u00e9<\/title>\n<meta name=\"description\" content=\"hand gebreid kabelvest mohair in berry, mauve blauw, turquoise en roest oranje. De kleuren zijn gem\u00ealeerd in het korte model kabelvest.\" \/>\n<meta name=\"robots\" content=\"index, follow, max-snippet:-1, max-image-preview:large, max-video-preview:-1\" \/>\n<link rel=\"canonical\" href=\"https:\/\/www.maisonose.nl\/en\/product\/kabelvest-mohair-berry-blauw-turquoise-oranje\/\" \/>\n<meta property=\"og:locale\" content=\"en_GB\" \/>\n<meta property=\"og:type\" content=\"article\" \/>\n<meta property=\"og:title\" content=\"Kabelvest mohair gem\u00ealeerd berry blauw turquoise en roest - Maison Os\u00e9\" \/>\n<meta property=\"og:description\" content=\"hand gebreid kabelvest mohair in berry, mauve blauw, turquoise en roest oranje. De kleuren zijn gem\u00ealeerd in het korte model kabelvest.\" \/>\n<meta property=\"og:url\" content=\"https:\/\/www.maisonose.nl\/en\/product\/kabelvest-mohair-berry-blauw-turquoise-oranje\/\" \/>\n<meta property=\"og:site_name\" content=\"Maison Os\u00e9\" \/>\n<meta property=\"article:modified_time\" content=\"2023-07-29T14:02:37+00:00\" \/>\n<meta property=\"og:image\" content=\"https:\/\/www.maisonose.nl\/wp-content\/uploads\/2022\/02\/kabelvest_mohair_blauw_paars_turquoise_roest-PhotoRoom-1024x1024.png\" \/>\n\t<meta property=\"og:image:width\" content=\"1024\" \/>\n\t<meta property=\"og:image:height\" content=\"1024\" \/>\n\t<meta property=\"og:image:type\" content=\"image\/png\" \/>\n<meta name=\"twitter:card\" content=\"summary_large_image\" \/>\n<meta name=\"twitter:label1\" content=\"Estimated reading time\" \/>\n\t<meta name=\"twitter:data1\" content=\"2 minutes\" \/>\n<script type=\"application\/ld+json\" class=\"yoast-schema-graph\">{\"@context\":\"https:\\\/\\\/schema.org\",\"@graph\":[{\"@type\":\"WebPage\",\"@id\":\"https:\\\/\\\/www.maisonose.nl\\\/product\\\/kabelvest-mohair-berry-blauw-turquoise-oranje\\\/\",\"url\":\"https:\\\/\\\/www.maisonose.nl\\\/product\\\/kabelvest-mohair-berry-blauw-turquoise-oranje\\\/\",\"name\":\"Kabelvest mohair gem\u00ealeerd berry blauw turquoise en roest - Maison Os\u00e9\",\"isPartOf\":{\"@id\":\"https:\\\/\\\/www.maisonose.nl\\\/#website\"},\"primaryImageOfPage\":{\"@id\":\"https:\\\/\\\/www.maisonose.nl\\\/product\\\/kabelvest-mohair-berry-blauw-turquoise-oranje\\\/#primaryimage\"},\"image\":{\"@id\":\"https:\\\/\\\/www.maisonose.nl\\\/product\\\/kabelvest-mohair-berry-blauw-turquoise-oranje\\\/#primaryimage\"},\"thumbnailUrl\":\"https:\\\/\\\/www.maisonose.nl\\\/wp-content\\\/uploads\\\/2022\\\/02\\\/kabelvest_mohair_blauw_paars_turquoise_roest-PhotoRoom.png\",\"datePublished\":\"2022-02-17T11:43:16+00:00\",\"dateModified\":\"2023-07-29T14:02:37+00:00\",\"description\":\"hand gebreid kabelvest mohair in berry, mauve blauw, turquoise en roest oranje. De kleuren zijn gem\u00ealeerd in het korte model kabelvest.\",\"breadcrumb\":{\"@id\":\"https:\\\/\\\/www.maisonose.nl\\\/product\\\/kabelvest-mohair-berry-blauw-turquoise-oranje\\\/#breadcrumb\"},\"inLanguage\":\"en-GB\",\"potentialAction\":[{\"@type\":\"ReadAction\",\"target\":[\"https:\\\/\\\/www.maisonose.nl\\\/product\\\/kabelvest-mohair-berry-blauw-turquoise-oranje\\\/\"]}]},{\"@type\":\"ImageObject\",\"inLanguage\":\"en-GB\",\"@id\":\"https:\\\/\\\/www.maisonose.nl\\\/product\\\/kabelvest-mohair-berry-blauw-turquoise-oranje\\\/#primaryimage\",\"url\":\"https:\\\/\\\/www.maisonose.nl\\\/wp-content\\\/uploads\\\/2022\\\/02\\\/kabelvest_mohair_blauw_paars_turquoise_roest-PhotoRoom.png\",\"contentUrl\":\"https:\\\/\\\/www.maisonose.nl\\\/wp-content\\\/uploads\\\/2022\\\/02\\\/kabelvest_mohair_blauw_paars_turquoise_roest-PhotoRoom.png\",\"width\":1512,\"height\":1512,\"caption\":\"hand gebreid mohair kabel vest kort model turquoise blauw paars\"},{\"@type\":\"BreadcrumbList\",\"@id\":\"https:\\\/\\\/www.maisonose.nl\\\/product\\\/kabelvest-mohair-berry-blauw-turquoise-oranje\\\/#breadcrumb\",\"itemListElement\":[{\"@type\":\"ListItem\",\"position\":1,\"name\":\"Home\",\"item\":\"https:\\\/\\\/www.maisonose.nl\\\/\"},{\"@type\":\"ListItem\",\"position\":2,\"name\":\"Shop\",\"item\":\"https:\\\/\\\/www.maisonose.nl\\\/shop\\\/\"},{\"@type\":\"ListItem\",\"position\":3,\"name\":\"Kabelvest mohair gem\u00ealeerd berry blauw turquoise en roest\"}]},{\"@type\":\"WebSite\",\"@id\":\"https:\\\/\\\/www.maisonose.nl\\\/#website\",\"url\":\"https:\\\/\\\/www.maisonose.nl\\\/\",\"name\":\"Maison Os\u00e9\",\"description\":\"Handgebreide mohair sweaters en cardigans. One of a kind keypieces handknit with quality yarns\",\"publisher\":{\"@id\":\"https:\\\/\\\/www.maisonose.nl\\\/#organization\"},\"potentialAction\":[{\"@type\":\"SearchAction\",\"target\":{\"@type\":\"EntryPoint\",\"urlTemplate\":\"https:\\\/\\\/www.maisonose.nl\\\/?s={search_term_string}\"},\"query-input\":{\"@type\":\"PropertyValueSpecification\",\"valueRequired\":true,\"valueName\":\"search_term_string\"}}],\"inLanguage\":\"en-GB\"},{\"@type\":\"Organization\",\"@id\":\"https:\\\/\\\/www.maisonose.nl\\\/#organization\",\"name\":\"Maison Os\u00e9\",\"url\":\"https:\\\/\\\/www.maisonose.nl\\\/\",\"logo\":{\"@type\":\"ImageObject\",\"inLanguage\":\"en-GB\",\"@id\":\"https:\\\/\\\/www.maisonose.nl\\\/#\\\/schema\\\/logo\\\/image\\\/\",\"url\":\"https:\\\/\\\/www.maisonose.nl\\\/wp-content\\\/uploads\\\/2022\\\/01\\\/cropped-maison-ose-logo-wit-transparant-groot.png\",\"contentUrl\":\"https:\\\/\\\/www.maisonose.nl\\\/wp-content\\\/uploads\\\/2022\\\/01\\\/cropped-maison-ose-logo-wit-transparant-groot.png\",\"width\":1500,\"height\":325,\"caption\":\"Maison Os\u00e9\"},\"image\":{\"@id\":\"https:\\\/\\\/www.maisonose.nl\\\/#\\\/schema\\\/logo\\\/image\\\/\"}}]}<\/script>\n<!-- \/ Yoast SEO plugin. -->","yoast_head_json":{"title":"Kabelvest mohair gem\u00ealeerd berry blauw turquoise en roest - Maison Os\u00e9","description":"hand gebreid kabelvest mohair in berry, mauve blauw, turquoise en roest oranje. De kleuren zijn gem\u00ealeerd in het korte model kabelvest.","robots":{"index":"index","follow":"follow","max-snippet":"max-snippet:-1","max-image-preview":"max-image-preview:large","max-video-preview":"max-video-preview:-1"},"canonical":"https:\/\/www.maisonose.nl\/en\/product\/kabelvest-mohair-berry-blauw-turquoise-oranje\/","og_locale":"en_GB","og_type":"article","og_title":"Kabelvest mohair gem\u00ealeerd berry blauw turquoise en roest - Maison Os\u00e9","og_description":"hand gebreid kabelvest mohair in berry, mauve blauw, turquoise en roest oranje. De kleuren zijn gem\u00ealeerd in het korte model kabelvest.","og_url":"https:\/\/www.maisonose.nl\/en\/product\/kabelvest-mohair-berry-blauw-turquoise-oranje\/","og_site_name":"Maison Os\u00e9","article_modified_time":"2023-07-29T14:02:37+00:00","og_image":[{"width":1024,"height":1024,"url":"https:\/\/www.maisonose.nl\/wp-content\/uploads\/2022\/02\/kabelvest_mohair_blauw_paars_turquoise_roest-PhotoRoom-1024x1024.png","type":"image\/png"}],"twitter_card":"summary_large_image","twitter_misc":{"Estimated reading time":"2 minutes"},"schema":{"@context":"https:\/\/schema.org","@graph":[{"@type":"WebPage","@id":"https:\/\/www.maisonose.nl\/product\/kabelvest-mohair-berry-blauw-turquoise-oranje\/","url":"https:\/\/www.maisonose.nl\/product\/kabelvest-mohair-berry-blauw-turquoise-oranje\/","name":"Kabelvest mohair gem\u00ealeerd berry blauw turquoise en roest - Maison Os\u00e9","isPartOf":{"@id":"https:\/\/www.maisonose.nl\/#website"},"primaryImageOfPage":{"@id":"https:\/\/www.maisonose.nl\/product\/kabelvest-mohair-berry-blauw-turquoise-oranje\/#primaryimage"},"image":{"@id":"https:\/\/www.maisonose.nl\/product\/kabelvest-mohair-berry-blauw-turquoise-oranje\/#primaryimage"},"thumbnailUrl":"https:\/\/www.maisonose.nl\/wp-content\/uploads\/2022\/02\/kabelvest_mohair_blauw_paars_turquoise_roest-PhotoRoom.png","datePublished":"2022-02-17T11:43:16+00:00","dateModified":"2023-07-29T14:02:37+00:00","description":"hand gebreid kabelvest mohair in berry, mauve blauw, turquoise en roest oranje. De kleuren zijn gem\u00ealeerd in het korte model kabelvest.","breadcrumb":{"@id":"https:\/\/www.maisonose.nl\/product\/kabelvest-mohair-berry-blauw-turquoise-oranje\/#breadcrumb"},"inLanguage":"en-GB","potentialAction":[{"@type":"ReadAction","target":["https:\/\/www.maisonose.nl\/product\/kabelvest-mohair-berry-blauw-turquoise-oranje\/"]}]},{"@type":"ImageObject","inLanguage":"en-GB","@id":"https:\/\/www.maisonose.nl\/product\/kabelvest-mohair-berry-blauw-turquoise-oranje\/#primaryimage","url":"https:\/\/www.maisonose.nl\/wp-content\/uploads\/2022\/02\/kabelvest_mohair_blauw_paars_turquoise_roest-PhotoRoom.png","contentUrl":"https:\/\/www.maisonose.nl\/wp-content\/uploads\/2022\/02\/kabelvest_mohair_blauw_paars_turquoise_roest-PhotoRoom.png","width":1512,"height":1512,"caption":"hand gebreid mohair kabel vest kort model turquoise blauw paars"},{"@type":"BreadcrumbList","@id":"https:\/\/www.maisonose.nl\/product\/kabelvest-mohair-berry-blauw-turquoise-oranje\/#breadcrumb","itemListElement":[{"@type":"ListItem","position":1,"name":"Home","item":"https:\/\/www.maisonose.nl\/"},{"@type":"ListItem","position":2,"name":"Shop","item":"https:\/\/www.maisonose.nl\/shop\/"},{"@type":"ListItem","position":3,"name":"Kabelvest mohair gem\u00ealeerd berry blauw turquoise en roest"}]},{"@type":"WebSite","@id":"https:\/\/www.maisonose.nl\/#website","url":"https:\/\/www.maisonose.nl\/","name":"Maison Os\u00e9","description":"Handgebreide mohair sweaters en cardigans. One of a kind keypieces handknit with quality yarns","publisher":{"@id":"https:\/\/www.maisonose.nl\/#organization"},"potentialAction":[{"@type":"SearchAction","target":{"@type":"EntryPoint","urlTemplate":"https:\/\/www.maisonose.nl\/?s={search_term_string}"},"query-input":{"@type":"PropertyValueSpecification","valueRequired":true,"valueName":"search_term_string"}}],"inLanguage":"en-GB"},{"@type":"Organization","@id":"https:\/\/www.maisonose.nl\/#organization","name":"Maison Os\u00e9","url":"https:\/\/www.maisonose.nl\/","logo":{"@type":"ImageObject","inLanguage":"en-GB","@id":"https:\/\/www.maisonose.nl\/#\/schema\/logo\/image\/","url":"https:\/\/www.maisonose.nl\/wp-content\/uploads\/2022\/01\/cropped-maison-ose-logo-wit-transparant-groot.png","contentUrl":"https:\/\/www.maisonose.nl\/wp-content\/uploads\/2022\/01\/cropped-maison-ose-logo-wit-transparant-groot.png","width":1500,"height":325,"caption":"Maison Os\u00e9"},"image":{"@id":"https:\/\/www.maisonose.nl\/#\/schema\/logo\/image\/"}}]}},"_links":{"self":[{"href":"https:\/\/www.maisonose.nl\/en\/wp-json\/wp\/v2\/product\/1989","targetHints":{"allow":["GET"]}}],"collection":[{"href":"https:\/\/www.maisonose.nl\/en\/wp-json\/wp\/v2\/product"}],"about":[{"href":"https:\/\/www.maisonose.nl\/en\/wp-json\/wp\/v2\/types\/product"}],"replies":[{"embeddable":true,"href":"https:\/\/www.maisonose.nl\/en\/wp-json\/wp\/v2\/comments?post=1989"}],"wp:featuredmedia":[{"embeddable":true,"href":"https:\/\/www.maisonose.nl\/en\/wp-json\/wp\/v2\/media\/4271"}],"wp:attachment":[{"href":"https:\/\/www.maisonose.nl\/en\/wp-json\/wp\/v2\/media?parent=1989"}],"wp:term":[{"taxonomy":"product_brand","embeddable":true,"href":"https:\/\/www.maisonose.nl\/en\/wp-json\/wp\/v2\/product_brand?post=1989"},{"taxonomy":"product_cat","embeddable":true,"href":"https:\/\/www.maisonose.nl\/en\/wp-json\/wp\/v2\/product_cat?post=1989"},{"taxonomy":"product_tag","embeddable":true,"href":"https:\/\/www.maisonose.nl\/en\/wp-json\/wp\/v2\/product_tag?post=1989"}],"curies":[{"name":"wp","href":"https:\/\/api.w.org\/{rel}","templated":true}]}}