{"id":2152,"date":"2022-02-22T12:33:09","date_gmt":"2022-02-22T12:33:09","guid":{"rendered":"https:\/\/www.maisonose.nl\/?post_type=product&#038;p=2152"},"modified":"2024-01-01T14:31:50","modified_gmt":"2024-01-01T14:31:50","slug":"kabelvest-mohair-gemeleerd-groen-roze-roest-antraciet","status":"publish","type":"product","link":"https:\/\/www.maisonose.nl\/en\/product\/kabelvest-mohair-gemeleerd-groen-roze-roest-antraciet\/","title":{"rendered":"Cable cardigan mohair mixed green rust pink anthracite"},"content":{"rendered":"<h1>Cable cardigan mohair mixed green rust pink and anthracite grey<\/h1>\n<p>Hand gebreid kabelvest mohair in bosgroen, antraciet, koraalroze en roest kleur. Dit korte damesvest in eco-friendly geproduceerde mohair is met de hand gebreid met vier draden tegelijk. Er zijn vier draden eco-friendly geproduceerde mohair van Fonty (75% mohair, 20% wol en 5% polyamide) gebruikt. Fonty Ombelle is een prachtig pluizig mohair garen. Om het mohair garen stevigheid te geven wordt het gemixt met wol. In het ontwerp van dit vest zijn de kleuren groen roest roze en antraciet gebruikt. Hiermee is een gem\u00ealeerd effect gecre\u00eberd in het gebreide mohair kabelvest.\u00a0 Op de mouwen van het korte mohair damesvest zijn kabels ingebreid. De gebreide kabelmouwen geven een speels effect aan het gem\u00ealeerde mohair damesvest.<\/p>\n<p><img fetchpriority=\"high\" decoding=\"async\" class=\"alignnone wp-image-2164 size-medium\" src=\"https:\/\/www.maisonose.nl\/wp-content\/uploads\/2022\/02\/gebreid_mohair_damesvest_kort_model_groen_grijs_roze_rood-scaled-e1648542239993-236x300.jpg\" alt=\"mohair vest in bosgroen, antraciet, koraalroze en roest kleur\" width=\"236\" height=\"300\" srcset=\"https:\/\/www.maisonose.nl\/wp-content\/uploads\/2022\/02\/gebreid_mohair_damesvest_kort_model_groen_grijs_roze_rood-scaled-e1648542239993-236x300.jpg 236w, https:\/\/www.maisonose.nl\/wp-content\/uploads\/2022\/02\/gebreid_mohair_damesvest_kort_model_groen_grijs_roze_rood-scaled-e1648542239993-807x1024.jpg 807w, https:\/\/www.maisonose.nl\/wp-content\/uploads\/2022\/02\/gebreid_mohair_damesvest_kort_model_groen_grijs_roze_rood-scaled-e1648542239993-768x975.jpg 768w, https:\/\/www.maisonose.nl\/wp-content\/uploads\/2022\/02\/gebreid_mohair_damesvest_kort_model_groen_grijs_roze_rood-scaled-e1648542239993-1210x1536.jpg 1210w, https:\/\/www.maisonose.nl\/wp-content\/uploads\/2022\/02\/gebreid_mohair_damesvest_kort_model_groen_grijs_roze_rood-scaled-e1648542239993-1613x2048.jpg 1613w, https:\/\/www.maisonose.nl\/wp-content\/uploads\/2022\/02\/gebreid_mohair_damesvest_kort_model_groen_grijs_roze_rood-scaled-e1648542239993-600x762.jpg 600w, https:\/\/www.maisonose.nl\/wp-content\/uploads\/2022\/02\/gebreid_mohair_damesvest_kort_model_groen_grijs_roze_rood-scaled-e1648542239993-9x12.jpg 9w, https:\/\/www.maisonose.nl\/wp-content\/uploads\/2022\/02\/gebreid_mohair_damesvest_kort_model_groen_grijs_roze_rood-scaled-e1648542239993.jpg 1875w\" sizes=\"(max-width: 236px) 100vw, 236px\" \/> <img decoding=\"async\" class=\"alignnone wp-image-4274 size-medium\" src=\"https:\/\/www.maisonose.nl\/wp-content\/uploads\/2022\/02\/mohair_strickjacke_rosa_grin_grau_alpaka-PhotoRoom-225x300.png\" alt=\"mohair vest in bosgroen, antraciet, koraalroze en roest kleur\" width=\"225\" height=\"300\" srcset=\"https:\/\/www.maisonose.nl\/wp-content\/uploads\/2022\/02\/mohair_strickjacke_rosa_grin_grau_alpaka-PhotoRoom-225x300.png 225w, https:\/\/www.maisonose.nl\/wp-content\/uploads\/2022\/02\/mohair_strickjacke_rosa_grin_grau_alpaka-PhotoRoom-768x1024.png 768w, https:\/\/www.maisonose.nl\/wp-content\/uploads\/2022\/02\/mohair_strickjacke_rosa_grin_grau_alpaka-PhotoRoom-1152x1536.png 1152w, https:\/\/www.maisonose.nl\/wp-content\/uploads\/2022\/02\/mohair_strickjacke_rosa_grin_grau_alpaka-PhotoRoom-9x12.png 9w, https:\/\/www.maisonose.nl\/wp-content\/uploads\/2022\/02\/mohair_strickjacke_rosa_grin_grau_alpaka-PhotoRoom-600x800.png 600w, https:\/\/www.maisonose.nl\/wp-content\/uploads\/2022\/02\/mohair_strickjacke_rosa_grin_grau_alpaka-PhotoRoom.png 1500w\" sizes=\"(max-width: 225px) 100vw, 225px\" \/><img decoding=\"async\" class=\"alignnone wp-image-4275 size-medium\" src=\"https:\/\/www.maisonose.nl\/wp-content\/uploads\/2022\/02\/damesvest_mohair_gemeleerd_groen_roest_roze_grijs-PhotoRoom-225x300.png\" alt=\"kabelvest mohair roze groen gemeleerd\" width=\"225\" height=\"300\" srcset=\"https:\/\/www.maisonose.nl\/wp-content\/uploads\/2022\/02\/damesvest_mohair_gemeleerd_groen_roest_roze_grijs-PhotoRoom-225x300.png 225w, https:\/\/www.maisonose.nl\/wp-content\/uploads\/2022\/02\/damesvest_mohair_gemeleerd_groen_roest_roze_grijs-PhotoRoom-768x1024.png 768w, https:\/\/www.maisonose.nl\/wp-content\/uploads\/2022\/02\/damesvest_mohair_gemeleerd_groen_roest_roze_grijs-PhotoRoom-1152x1536.png 1152w, https:\/\/www.maisonose.nl\/wp-content\/uploads\/2022\/02\/damesvest_mohair_gemeleerd_groen_roest_roze_grijs-PhotoRoom-9x12.png 9w, https:\/\/www.maisonose.nl\/wp-content\/uploads\/2022\/02\/damesvest_mohair_gemeleerd_groen_roest_roze_grijs-PhotoRoom-600x800.png 600w, https:\/\/www.maisonose.nl\/wp-content\/uploads\/2022\/02\/damesvest_mohair_gemeleerd_groen_roest_roze_grijs-PhotoRoom.png 1500w\" sizes=\"(max-width: 225px) 100vw, 225px\" \/><\/p>\n<p>&nbsp;<\/p>\n<h2>Size and model knitted cable cardigan mohair in green rust pink and anthracite<\/h2>\n<p>The size of the cable cardigan in mohair falls as small\/medium, size 38 EU. The model of the mohair cardigan falls slightly shorter. The ladies cardigan has a lot of volume in the body and in the sleeves. The sleeves of the mohair cable cardigan have beautiful wavy cables. The cable sleeves are therefore flexible. The length of the purple blue mohair cable cardigan is approximately 57 centimeters. This beautiful ladies cardigan is also available in blue <a href=\"https:\/\/www.maisonose.nl\/en\/product\/kabelvest-mohair-gemeleerd-groen-bruin-roze-blauw\/\">taupe brown forest green and coral pink<strong>, click here for more info.<\/strong><\/a><\/p>\n<p>&nbsp;<\/p>\n<p>&nbsp;<\/p>\n<p>&nbsp;<\/p>","protected":false},"excerpt":{"rendered":"<p>Kabelvest mohair gem\u00ealeerd groen roest roze en antraciet Hand gebreid kabelvest mohair in bosgroen, antraciet, koraalroze en roest kleur. Dit korte damesvest in eco-friendly geproduceerde mohair is met de hand gebreid met vier draden tegelijk. Er zijn vier draden eco-friendly geproduceerde mohair van Fonty (75% mohair, 20% wol en 5% polyamide) gebruikt. Fonty Ombelle is [&hellip;]<\/p>\n","protected":false},"featured_media":4273,"comment_status":"open","ping_status":"closed","template":"","meta":[],"product_brand":[],"product_cat":[17],"product_tag":[70,64],"class_list":{"0":"post-2152","1":"product","2":"type-product","3":"status-publish","4":"has-post-thumbnail","6":"product_cat-gebreide-mohair-sweaters","7":"product_tag-groen-roze-vest","8":"product_tag-kabelvest-mohair","10":"first","11":"outofstock","12":"taxable","13":"shipping-taxable","14":"purchasable","15":"product-type-simple"},"yoast_head":"<!-- This site is optimized with the Yoast SEO plugin v27.5 - https:\/\/yoast.com\/product\/yoast-seo-wordpress\/ -->\n<title>Kabelvest mohair gem\u00ealeerd groen roest roze antraciet - Maison Os\u00e9<\/title>\n<meta name=\"description\" content=\"hand gebreid kabelvest mohair in groen, roze, antraciet en roest oranje. De kleuren zijn gem\u00ealeerd in het korte model kabelvest.\" \/>\n<meta name=\"robots\" content=\"index, follow, max-snippet:-1, max-image-preview:large, max-video-preview:-1\" \/>\n<link rel=\"canonical\" href=\"https:\/\/www.maisonose.nl\/en\/product\/kabelvest-mohair-gemeleerd-groen-roze-roest-antraciet\/\" \/>\n<meta property=\"og:locale\" content=\"en_GB\" \/>\n<meta property=\"og:type\" content=\"article\" \/>\n<meta property=\"og:title\" content=\"Kabelvest mohair gem\u00ealeerd groen roest roze antraciet - Maison Os\u00e9\" \/>\n<meta property=\"og:description\" content=\"hand gebreid kabelvest mohair in groen, roze, antraciet en roest oranje. De kleuren zijn gem\u00ealeerd in het korte model kabelvest.\" \/>\n<meta property=\"og:url\" content=\"https:\/\/www.maisonose.nl\/en\/product\/kabelvest-mohair-gemeleerd-groen-roze-roest-antraciet\/\" \/>\n<meta property=\"og:site_name\" content=\"Maison Os\u00e9\" \/>\n<meta property=\"article:modified_time\" content=\"2024-01-01T14:31:50+00:00\" \/>\n<meta property=\"og:image\" content=\"https:\/\/www.maisonose.nl\/wp-content\/uploads\/2022\/02\/red_green_grey_pink_mohair_cableknit_cardigan-PhotoRoom-e1690639609402-1024x1005.png\" \/>\n\t<meta property=\"og:image:width\" content=\"1024\" \/>\n\t<meta property=\"og:image:height\" content=\"1005\" \/>\n\t<meta property=\"og:image:type\" content=\"image\/png\" \/>\n<meta name=\"twitter:card\" content=\"summary_large_image\" \/>\n<meta name=\"twitter:label1\" content=\"Estimated reading time\" \/>\n\t<meta name=\"twitter:data1\" content=\"2 minutes\" \/>\n<script type=\"application\/ld+json\" class=\"yoast-schema-graph\">{\"@context\":\"https:\\\/\\\/schema.org\",\"@graph\":[{\"@type\":\"WebPage\",\"@id\":\"https:\\\/\\\/www.maisonose.nl\\\/product\\\/kabelvest-mohair-gemeleerd-groen-roze-roest-antraciet\\\/\",\"url\":\"https:\\\/\\\/www.maisonose.nl\\\/product\\\/kabelvest-mohair-gemeleerd-groen-roze-roest-antraciet\\\/\",\"name\":\"Kabelvest mohair gem\u00ealeerd groen roest roze antraciet - Maison Os\u00e9\",\"isPartOf\":{\"@id\":\"https:\\\/\\\/www.maisonose.nl\\\/#website\"},\"primaryImageOfPage\":{\"@id\":\"https:\\\/\\\/www.maisonose.nl\\\/product\\\/kabelvest-mohair-gemeleerd-groen-roze-roest-antraciet\\\/#primaryimage\"},\"image\":{\"@id\":\"https:\\\/\\\/www.maisonose.nl\\\/product\\\/kabelvest-mohair-gemeleerd-groen-roze-roest-antraciet\\\/#primaryimage\"},\"thumbnailUrl\":\"https:\\\/\\\/www.maisonose.nl\\\/wp-content\\\/uploads\\\/2022\\\/02\\\/red_green_grey_pink_mohair_cableknit_cardigan-PhotoRoom-e1690639609402.png\",\"datePublished\":\"2022-02-22T12:33:09+00:00\",\"dateModified\":\"2024-01-01T14:31:50+00:00\",\"description\":\"hand gebreid kabelvest mohair in groen, roze, antraciet en roest oranje. De kleuren zijn gem\u00ealeerd in het korte model kabelvest.\",\"breadcrumb\":{\"@id\":\"https:\\\/\\\/www.maisonose.nl\\\/product\\\/kabelvest-mohair-gemeleerd-groen-roze-roest-antraciet\\\/#breadcrumb\"},\"inLanguage\":\"en-GB\",\"potentialAction\":[{\"@type\":\"ReadAction\",\"target\":[\"https:\\\/\\\/www.maisonose.nl\\\/product\\\/kabelvest-mohair-gemeleerd-groen-roze-roest-antraciet\\\/\"]}]},{\"@type\":\"ImageObject\",\"inLanguage\":\"en-GB\",\"@id\":\"https:\\\/\\\/www.maisonose.nl\\\/product\\\/kabelvest-mohair-gemeleerd-groen-roze-roest-antraciet\\\/#primaryimage\",\"url\":\"https:\\\/\\\/www.maisonose.nl\\\/wp-content\\\/uploads\\\/2022\\\/02\\\/red_green_grey_pink_mohair_cableknit_cardigan-PhotoRoom-e1690639609402.png\",\"contentUrl\":\"https:\\\/\\\/www.maisonose.nl\\\/wp-content\\\/uploads\\\/2022\\\/02\\\/red_green_grey_pink_mohair_cableknit_cardigan-PhotoRoom-e1690639609402.png\",\"width\":1417,\"height\":1391,\"caption\":\"kabelvest mohair roze groen gemeleerd\"},{\"@type\":\"BreadcrumbList\",\"@id\":\"https:\\\/\\\/www.maisonose.nl\\\/product\\\/kabelvest-mohair-gemeleerd-groen-roze-roest-antraciet\\\/#breadcrumb\",\"itemListElement\":[{\"@type\":\"ListItem\",\"position\":1,\"name\":\"Home\",\"item\":\"https:\\\/\\\/www.maisonose.nl\\\/\"},{\"@type\":\"ListItem\",\"position\":2,\"name\":\"Shop\",\"item\":\"https:\\\/\\\/www.maisonose.nl\\\/shop\\\/\"},{\"@type\":\"ListItem\",\"position\":3,\"name\":\"Kabelvest mohair gem\u00ealeerd groen roest roze antraciet\"}]},{\"@type\":\"WebSite\",\"@id\":\"https:\\\/\\\/www.maisonose.nl\\\/#website\",\"url\":\"https:\\\/\\\/www.maisonose.nl\\\/\",\"name\":\"Maison Os\u00e9\",\"description\":\"Handgebreide mohair sweaters en cardigans. One of a kind keypieces handknit with quality yarns\",\"publisher\":{\"@id\":\"https:\\\/\\\/www.maisonose.nl\\\/#organization\"},\"potentialAction\":[{\"@type\":\"SearchAction\",\"target\":{\"@type\":\"EntryPoint\",\"urlTemplate\":\"https:\\\/\\\/www.maisonose.nl\\\/?s={search_term_string}\"},\"query-input\":{\"@type\":\"PropertyValueSpecification\",\"valueRequired\":true,\"valueName\":\"search_term_string\"}}],\"inLanguage\":\"en-GB\"},{\"@type\":\"Organization\",\"@id\":\"https:\\\/\\\/www.maisonose.nl\\\/#organization\",\"name\":\"Maison Os\u00e9\",\"url\":\"https:\\\/\\\/www.maisonose.nl\\\/\",\"logo\":{\"@type\":\"ImageObject\",\"inLanguage\":\"en-GB\",\"@id\":\"https:\\\/\\\/www.maisonose.nl\\\/#\\\/schema\\\/logo\\\/image\\\/\",\"url\":\"https:\\\/\\\/www.maisonose.nl\\\/wp-content\\\/uploads\\\/2022\\\/01\\\/cropped-maison-ose-logo-wit-transparant-groot.png\",\"contentUrl\":\"https:\\\/\\\/www.maisonose.nl\\\/wp-content\\\/uploads\\\/2022\\\/01\\\/cropped-maison-ose-logo-wit-transparant-groot.png\",\"width\":1500,\"height\":325,\"caption\":\"Maison Os\u00e9\"},\"image\":{\"@id\":\"https:\\\/\\\/www.maisonose.nl\\\/#\\\/schema\\\/logo\\\/image\\\/\"}}]}<\/script>\n<!-- \/ Yoast SEO plugin. -->","yoast_head_json":{"title":"Kabelvest mohair gem\u00ealeerd groen roest roze antraciet - Maison Os\u00e9","description":"hand gebreid kabelvest mohair in groen, roze, antraciet en roest oranje. De kleuren zijn gem\u00ealeerd in het korte model kabelvest.","robots":{"index":"index","follow":"follow","max-snippet":"max-snippet:-1","max-image-preview":"max-image-preview:large","max-video-preview":"max-video-preview:-1"},"canonical":"https:\/\/www.maisonose.nl\/en\/product\/kabelvest-mohair-gemeleerd-groen-roze-roest-antraciet\/","og_locale":"en_GB","og_type":"article","og_title":"Kabelvest mohair gem\u00ealeerd groen roest roze antraciet - Maison Os\u00e9","og_description":"hand gebreid kabelvest mohair in groen, roze, antraciet en roest oranje. De kleuren zijn gem\u00ealeerd in het korte model kabelvest.","og_url":"https:\/\/www.maisonose.nl\/en\/product\/kabelvest-mohair-gemeleerd-groen-roze-roest-antraciet\/","og_site_name":"Maison Os\u00e9","article_modified_time":"2024-01-01T14:31:50+00:00","og_image":[{"width":1024,"height":1005,"url":"https:\/\/www.maisonose.nl\/wp-content\/uploads\/2022\/02\/red_green_grey_pink_mohair_cableknit_cardigan-PhotoRoom-e1690639609402-1024x1005.png","type":"image\/png"}],"twitter_card":"summary_large_image","twitter_misc":{"Estimated reading time":"2 minutes"},"schema":{"@context":"https:\/\/schema.org","@graph":[{"@type":"WebPage","@id":"https:\/\/www.maisonose.nl\/product\/kabelvest-mohair-gemeleerd-groen-roze-roest-antraciet\/","url":"https:\/\/www.maisonose.nl\/product\/kabelvest-mohair-gemeleerd-groen-roze-roest-antraciet\/","name":"Kabelvest mohair gem\u00ealeerd groen roest roze antraciet - Maison Os\u00e9","isPartOf":{"@id":"https:\/\/www.maisonose.nl\/#website"},"primaryImageOfPage":{"@id":"https:\/\/www.maisonose.nl\/product\/kabelvest-mohair-gemeleerd-groen-roze-roest-antraciet\/#primaryimage"},"image":{"@id":"https:\/\/www.maisonose.nl\/product\/kabelvest-mohair-gemeleerd-groen-roze-roest-antraciet\/#primaryimage"},"thumbnailUrl":"https:\/\/www.maisonose.nl\/wp-content\/uploads\/2022\/02\/red_green_grey_pink_mohair_cableknit_cardigan-PhotoRoom-e1690639609402.png","datePublished":"2022-02-22T12:33:09+00:00","dateModified":"2024-01-01T14:31:50+00:00","description":"hand gebreid kabelvest mohair in groen, roze, antraciet en roest oranje. De kleuren zijn gem\u00ealeerd in het korte model kabelvest.","breadcrumb":{"@id":"https:\/\/www.maisonose.nl\/product\/kabelvest-mohair-gemeleerd-groen-roze-roest-antraciet\/#breadcrumb"},"inLanguage":"en-GB","potentialAction":[{"@type":"ReadAction","target":["https:\/\/www.maisonose.nl\/product\/kabelvest-mohair-gemeleerd-groen-roze-roest-antraciet\/"]}]},{"@type":"ImageObject","inLanguage":"en-GB","@id":"https:\/\/www.maisonose.nl\/product\/kabelvest-mohair-gemeleerd-groen-roze-roest-antraciet\/#primaryimage","url":"https:\/\/www.maisonose.nl\/wp-content\/uploads\/2022\/02\/red_green_grey_pink_mohair_cableknit_cardigan-PhotoRoom-e1690639609402.png","contentUrl":"https:\/\/www.maisonose.nl\/wp-content\/uploads\/2022\/02\/red_green_grey_pink_mohair_cableknit_cardigan-PhotoRoom-e1690639609402.png","width":1417,"height":1391,"caption":"kabelvest mohair roze groen gemeleerd"},{"@type":"BreadcrumbList","@id":"https:\/\/www.maisonose.nl\/product\/kabelvest-mohair-gemeleerd-groen-roze-roest-antraciet\/#breadcrumb","itemListElement":[{"@type":"ListItem","position":1,"name":"Home","item":"https:\/\/www.maisonose.nl\/"},{"@type":"ListItem","position":2,"name":"Shop","item":"https:\/\/www.maisonose.nl\/shop\/"},{"@type":"ListItem","position":3,"name":"Kabelvest mohair gem\u00ealeerd groen roest roze antraciet"}]},{"@type":"WebSite","@id":"https:\/\/www.maisonose.nl\/#website","url":"https:\/\/www.maisonose.nl\/","name":"Maison Os\u00e9","description":"Handgebreide mohair sweaters en cardigans. One of a kind keypieces handknit with quality yarns","publisher":{"@id":"https:\/\/www.maisonose.nl\/#organization"},"potentialAction":[{"@type":"SearchAction","target":{"@type":"EntryPoint","urlTemplate":"https:\/\/www.maisonose.nl\/?s={search_term_string}"},"query-input":{"@type":"PropertyValueSpecification","valueRequired":true,"valueName":"search_term_string"}}],"inLanguage":"en-GB"},{"@type":"Organization","@id":"https:\/\/www.maisonose.nl\/#organization","name":"Maison Os\u00e9","url":"https:\/\/www.maisonose.nl\/","logo":{"@type":"ImageObject","inLanguage":"en-GB","@id":"https:\/\/www.maisonose.nl\/#\/schema\/logo\/image\/","url":"https:\/\/www.maisonose.nl\/wp-content\/uploads\/2022\/01\/cropped-maison-ose-logo-wit-transparant-groot.png","contentUrl":"https:\/\/www.maisonose.nl\/wp-content\/uploads\/2022\/01\/cropped-maison-ose-logo-wit-transparant-groot.png","width":1500,"height":325,"caption":"Maison Os\u00e9"},"image":{"@id":"https:\/\/www.maisonose.nl\/#\/schema\/logo\/image\/"}}]}},"_links":{"self":[{"href":"https:\/\/www.maisonose.nl\/en\/wp-json\/wp\/v2\/product\/2152","targetHints":{"allow":["GET"]}}],"collection":[{"href":"https:\/\/www.maisonose.nl\/en\/wp-json\/wp\/v2\/product"}],"about":[{"href":"https:\/\/www.maisonose.nl\/en\/wp-json\/wp\/v2\/types\/product"}],"replies":[{"embeddable":true,"href":"https:\/\/www.maisonose.nl\/en\/wp-json\/wp\/v2\/comments?post=2152"}],"wp:featuredmedia":[{"embeddable":true,"href":"https:\/\/www.maisonose.nl\/en\/wp-json\/wp\/v2\/media\/4273"}],"wp:attachment":[{"href":"https:\/\/www.maisonose.nl\/en\/wp-json\/wp\/v2\/media?parent=2152"}],"wp:term":[{"taxonomy":"product_brand","embeddable":true,"href":"https:\/\/www.maisonose.nl\/en\/wp-json\/wp\/v2\/product_brand?post=2152"},{"taxonomy":"product_cat","embeddable":true,"href":"https:\/\/www.maisonose.nl\/en\/wp-json\/wp\/v2\/product_cat?post=2152"},{"taxonomy":"product_tag","embeddable":true,"href":"https:\/\/www.maisonose.nl\/en\/wp-json\/wp\/v2\/product_tag?post=2152"}],"curies":[{"name":"wp","href":"https:\/\/api.w.org\/{rel}","templated":true}]}}