{"id":2447,"date":"2022-02-27T10:11:43","date_gmt":"2022-02-27T10:11:43","guid":{"rendered":"https:\/\/www.maisonose.nl\/?post_type=product&#038;p=2447"},"modified":"2024-04-02T11:25:45","modified_gmt":"2024-04-02T11:25:45","slug":"kabelvest-mohair-gemeleerd-groen-bruin-roze-blauw","status":"publish","type":"product","link":"https:\/\/www.maisonose.nl\/en\/product\/kabelvest-mohair-gemeleerd-groen-bruin-roze-blauw\/","title":{"rendered":"Cableknit cardigan mohair mixed green brown pink and blue"},"content":{"rendered":"<h1>Cableknit cardigan mohair mixed green brown pink and blue<\/h1>\n<p>Hand knit cable cardigan of mohair yarn in forest green, taupe brown, coral pink and mauve blue. This short women's vest in eco-friendly produced mohair is hand knit with four strands at a time. Four strands of Fonty mohair (75% mohair, 20% wool and 5% polyamide) were used. Fonty Ombelle is a beautifully fluffy mohair yarn. To give the mohair yarn strength, it is mixed with sheep's wool. In the design of this ladies cardigan the colors green, rust, pink and anthracite are used. This has created a blended effect in the knitted mohair cable cardigan.\u00a0 On the sleeves of the short mohair ladies cardigan are cables knitted in. The knitted cable sleeves give a playful effect to the knitted mohair cardigan.<\/p>\n<p><img fetchpriority=\"high\" decoding=\"async\" class=\"alignnone wp-image-4248 size-medium\" src=\"https:\/\/www.maisonose.nl\/wp-content\/uploads\/2022\/02\/mohair_kabelvest_gebreid_groen_groen_roze_blauw_bruin_gemeleerd-PhotoRoom-252x300.png\" alt=\"mohair vest in bosgroen, blauw, koraalroze en taupe kleur\" width=\"252\" height=\"300\" srcset=\"https:\/\/www.maisonose.nl\/wp-content\/uploads\/2022\/02\/mohair_kabelvest_gebreid_groen_groen_roze_blauw_bruin_gemeleerd-PhotoRoom-252x300.png 252w, https:\/\/www.maisonose.nl\/wp-content\/uploads\/2022\/02\/mohair_kabelvest_gebreid_groen_groen_roze_blauw_bruin_gemeleerd-PhotoRoom-860x1024.png 860w, https:\/\/www.maisonose.nl\/wp-content\/uploads\/2022\/02\/mohair_kabelvest_gebreid_groen_groen_roze_blauw_bruin_gemeleerd-PhotoRoom-768x914.png 768w, https:\/\/www.maisonose.nl\/wp-content\/uploads\/2022\/02\/mohair_kabelvest_gebreid_groen_groen_roze_blauw_bruin_gemeleerd-PhotoRoom-1290x1536.png 1290w, https:\/\/www.maisonose.nl\/wp-content\/uploads\/2022\/02\/mohair_kabelvest_gebreid_groen_groen_roze_blauw_bruin_gemeleerd-PhotoRoom-10x12.png 10w, https:\/\/www.maisonose.nl\/wp-content\/uploads\/2022\/02\/mohair_kabelvest_gebreid_groen_groen_roze_blauw_bruin_gemeleerd-PhotoRoom-600x714.png 600w, https:\/\/www.maisonose.nl\/wp-content\/uploads\/2022\/02\/mohair_kabelvest_gebreid_groen_groen_roze_blauw_bruin_gemeleerd-PhotoRoom.png 1679w\" sizes=\"(max-width: 252px) 100vw, 252px\" \/><img decoding=\"async\" class=\"alignnone wp-image-4249 size-medium\" src=\"https:\/\/www.maisonose.nl\/wp-content\/uploads\/2022\/02\/kabel_vest_mohair_blauw_groen_roze-PhotoRoom-225x300.png\" alt=\"chunkyknit mohair cardigan met gebreide kabels op de mouwen\" width=\"225\" height=\"300\" srcset=\"https:\/\/www.maisonose.nl\/wp-content\/uploads\/2022\/02\/kabel_vest_mohair_blauw_groen_roze-PhotoRoom-225x300.png 225w, https:\/\/www.maisonose.nl\/wp-content\/uploads\/2022\/02\/kabel_vest_mohair_blauw_groen_roze-PhotoRoom-768x1024.png 768w, https:\/\/www.maisonose.nl\/wp-content\/uploads\/2022\/02\/kabel_vest_mohair_blauw_groen_roze-PhotoRoom-1152x1536.png 1152w, https:\/\/www.maisonose.nl\/wp-content\/uploads\/2022\/02\/kabel_vest_mohair_blauw_groen_roze-PhotoRoom-9x12.png 9w, https:\/\/www.maisonose.nl\/wp-content\/uploads\/2022\/02\/kabel_vest_mohair_blauw_groen_roze-PhotoRoom-600x800.png 600w, https:\/\/www.maisonose.nl\/wp-content\/uploads\/2022\/02\/kabel_vest_mohair_blauw_groen_roze-PhotoRoom.png 1500w\" sizes=\"(max-width: 225px) 100vw, 225px\" \/><img decoding=\"async\" class=\"alignnone wp-image-2658 size-medium\" src=\"https:\/\/www.maisonose.nl\/wp-content\/uploads\/2022\/03\/grofgebreid_vest_kabels_kort_model_groen_roze_blauw_bruin-scaled-e1648380441241-300x290.jpg\" alt=\"fluffy mohair cardigan blue \" width=\"300\" height=\"290\" srcset=\"https:\/\/www.maisonose.nl\/wp-content\/uploads\/2022\/03\/grofgebreid_vest_kabels_kort_model_groen_roze_blauw_bruin-scaled-e1648380441241-300x290.jpg 300w, https:\/\/www.maisonose.nl\/wp-content\/uploads\/2022\/03\/grofgebreid_vest_kabels_kort_model_groen_roze_blauw_bruin-scaled-e1648380441241-1024x990.jpg 1024w, https:\/\/www.maisonose.nl\/wp-content\/uploads\/2022\/03\/grofgebreid_vest_kabels_kort_model_groen_roze_blauw_bruin-scaled-e1648380441241-768x742.jpg 768w, https:\/\/www.maisonose.nl\/wp-content\/uploads\/2022\/03\/grofgebreid_vest_kabels_kort_model_groen_roze_blauw_bruin-scaled-e1648380441241-1536x1485.jpg 1536w, https:\/\/www.maisonose.nl\/wp-content\/uploads\/2022\/03\/grofgebreid_vest_kabels_kort_model_groen_roze_blauw_bruin-scaled-e1648380441241-12x12.jpg 12w, https:\/\/www.maisonose.nl\/wp-content\/uploads\/2022\/03\/grofgebreid_vest_kabels_kort_model_groen_roze_blauw_bruin-scaled-e1648380441241-600x580.jpg 600w, https:\/\/www.maisonose.nl\/wp-content\/uploads\/2022\/03\/grofgebreid_vest_kabels_kort_model_groen_roze_blauw_bruin-scaled-e1648380441241.jpg 1920w\" sizes=\"(max-width: 300px) 100vw, 300px\" \/><\/p>\n<p>&nbsp;<\/p>\n<h3>Maat en model gebreid vest mohair in groen taupe roze en blauw<\/h3>\n<p>De maat van het kabelvest in mohair valt als small\/medium, maat 38 EU. Het model van de mohair cardigan valt iets korter. Het damesvest heeft veel volume in het lijf en in de mouwen. De mouwen van het mohair kabelvest hebben mooie golvende kabels. De mouwen met gebreide kabels vallen hierdoor soepel. De lengte van het paars blauwe mohair kabelvest is circa 57 centimeter. Dit prachtige damesvest is ook verkrijgbaar in r<strong>ust, coral pink, anthracite and green, click here for more info.<\/strong><\/p>\n<p>&nbsp;<\/p>\n<p>&nbsp;<\/p>\n<p>&nbsp;<\/p>","protected":false},"excerpt":{"rendered":"<p>Kabelvest mohair gem\u00ealeerd groen bruin roze en blauw Hand gebreid kabelvest van mohair garen in bosgroen, taupe bruin, koraalroze en mauve blauw. Dit korte damesvest in eco-friendly geproduceerde mohair is met de hand gebreid met vier draden tegelijk. Er zijn vier draden mohair van Fonty (75% mohair, 20% wol en 5% polyamide) gebruikt. Fonty Ombelle [&hellip;]<\/p>\n","protected":false},"featured_media":4244,"comment_status":"open","ping_status":"closed","template":"","meta":[],"product_brand":[],"product_cat":[17],"product_tag":[77,64],"class_list":{"0":"post-2447","1":"product","2":"type-product","3":"status-publish","4":"has-post-thumbnail","6":"product_cat-gebreide-mohair-sweaters","7":"product_tag-blauw-mohair-vest","8":"product_tag-kabelvest-mohair","10":"first","11":"outofstock","12":"taxable","13":"shipping-taxable","14":"purchasable","15":"product-type-simple"},"yoast_head":"<!-- This site is optimized with the Yoast SEO plugin v27.5 - https:\/\/yoast.com\/product\/yoast-seo-wordpress\/ -->\n<title>Kabelvest mohair gem\u00ealeerd groen bruin roze en blauw - Maison Os\u00e9<\/title>\n<meta name=\"description\" content=\"hand gebreid kabelvest mohair in bosgroen, roze, taupe bruin en blauw. De kleuren zijn gem\u00ealeerd in het korte model kabelvest.\" \/>\n<meta name=\"robots\" content=\"index, follow, max-snippet:-1, max-image-preview:large, max-video-preview:-1\" \/>\n<link rel=\"canonical\" href=\"https:\/\/www.maisonose.nl\/en\/product\/kabelvest-mohair-gemeleerd-groen-bruin-roze-blauw\/\" \/>\n<meta property=\"og:locale\" content=\"en_GB\" \/>\n<meta property=\"og:type\" content=\"article\" \/>\n<meta property=\"og:title\" content=\"Kabelvest mohair gem\u00ealeerd groen bruin roze en blauw - Maison Os\u00e9\" \/>\n<meta property=\"og:description\" content=\"hand gebreid kabelvest mohair in bosgroen, roze, taupe bruin en blauw. De kleuren zijn gem\u00ealeerd in het korte model kabelvest.\" \/>\n<meta property=\"og:url\" content=\"https:\/\/www.maisonose.nl\/en\/product\/kabelvest-mohair-gemeleerd-groen-bruin-roze-blauw\/\" \/>\n<meta property=\"og:site_name\" content=\"Maison Os\u00e9\" \/>\n<meta property=\"article:modified_time\" content=\"2024-04-02T11:25:45+00:00\" \/>\n<meta property=\"og:image\" content=\"https:\/\/www.maisonose.nl\/wp-content\/uploads\/2022\/02\/chunkyknit_fluffy_mohair_cardigan_cropped-PhotoRoom-1024x1024.png\" \/>\n\t<meta property=\"og:image:width\" content=\"1024\" \/>\n\t<meta property=\"og:image:height\" content=\"1024\" \/>\n\t<meta property=\"og:image:type\" content=\"image\/png\" \/>\n<meta name=\"twitter:card\" content=\"summary_large_image\" \/>\n<meta name=\"twitter:label1\" content=\"Estimated reading time\" \/>\n\t<meta name=\"twitter:data1\" content=\"2 minutes\" \/>\n<script type=\"application\/ld+json\" class=\"yoast-schema-graph\">{\"@context\":\"https:\\\/\\\/schema.org\",\"@graph\":[{\"@type\":\"WebPage\",\"@id\":\"https:\\\/\\\/www.maisonose.nl\\\/product\\\/kabelvest-mohair-gemeleerd-groen-bruin-roze-blauw\\\/\",\"url\":\"https:\\\/\\\/www.maisonose.nl\\\/product\\\/kabelvest-mohair-gemeleerd-groen-bruin-roze-blauw\\\/\",\"name\":\"Kabelvest mohair gem\u00ealeerd groen bruin roze en blauw - Maison Os\u00e9\",\"isPartOf\":{\"@id\":\"https:\\\/\\\/www.maisonose.nl\\\/#website\"},\"primaryImageOfPage\":{\"@id\":\"https:\\\/\\\/www.maisonose.nl\\\/product\\\/kabelvest-mohair-gemeleerd-groen-bruin-roze-blauw\\\/#primaryimage\"},\"image\":{\"@id\":\"https:\\\/\\\/www.maisonose.nl\\\/product\\\/kabelvest-mohair-gemeleerd-groen-bruin-roze-blauw\\\/#primaryimage\"},\"thumbnailUrl\":\"https:\\\/\\\/www.maisonose.nl\\\/wp-content\\\/uploads\\\/2022\\\/02\\\/chunkyknit_fluffy_mohair_cardigan_cropped-PhotoRoom.png\",\"datePublished\":\"2022-02-27T10:11:43+00:00\",\"dateModified\":\"2024-04-02T11:25:45+00:00\",\"description\":\"hand gebreid kabelvest mohair in bosgroen, roze, taupe bruin en blauw. De kleuren zijn gem\u00ealeerd in het korte model kabelvest.\",\"breadcrumb\":{\"@id\":\"https:\\\/\\\/www.maisonose.nl\\\/product\\\/kabelvest-mohair-gemeleerd-groen-bruin-roze-blauw\\\/#breadcrumb\"},\"inLanguage\":\"en-GB\",\"potentialAction\":[{\"@type\":\"ReadAction\",\"target\":[\"https:\\\/\\\/www.maisonose.nl\\\/product\\\/kabelvest-mohair-gemeleerd-groen-bruin-roze-blauw\\\/\"]}]},{\"@type\":\"ImageObject\",\"inLanguage\":\"en-GB\",\"@id\":\"https:\\\/\\\/www.maisonose.nl\\\/product\\\/kabelvest-mohair-gemeleerd-groen-bruin-roze-blauw\\\/#primaryimage\",\"url\":\"https:\\\/\\\/www.maisonose.nl\\\/wp-content\\\/uploads\\\/2022\\\/02\\\/chunkyknit_fluffy_mohair_cardigan_cropped-PhotoRoom.png\",\"contentUrl\":\"https:\\\/\\\/www.maisonose.nl\\\/wp-content\\\/uploads\\\/2022\\\/02\\\/chunkyknit_fluffy_mohair_cardigan_cropped-PhotoRoom.png\",\"width\":1512,\"height\":1512,\"caption\":\"mohair kabelvest in bosgroen, blauw, koraalroze en taupe kleur\"},{\"@type\":\"BreadcrumbList\",\"@id\":\"https:\\\/\\\/www.maisonose.nl\\\/product\\\/kabelvest-mohair-gemeleerd-groen-bruin-roze-blauw\\\/#breadcrumb\",\"itemListElement\":[{\"@type\":\"ListItem\",\"position\":1,\"name\":\"Home\",\"item\":\"https:\\\/\\\/www.maisonose.nl\\\/\"},{\"@type\":\"ListItem\",\"position\":2,\"name\":\"Shop\",\"item\":\"https:\\\/\\\/www.maisonose.nl\\\/shop\\\/\"},{\"@type\":\"ListItem\",\"position\":3,\"name\":\"Kabelvest mohair gem\u00ealeerd groen bruin roze en blauw\"}]},{\"@type\":\"WebSite\",\"@id\":\"https:\\\/\\\/www.maisonose.nl\\\/#website\",\"url\":\"https:\\\/\\\/www.maisonose.nl\\\/\",\"name\":\"Maison Os\u00e9\",\"description\":\"Handgebreide mohair sweaters en cardigans. One of a kind keypieces handknit with quality yarns\",\"publisher\":{\"@id\":\"https:\\\/\\\/www.maisonose.nl\\\/#organization\"},\"potentialAction\":[{\"@type\":\"SearchAction\",\"target\":{\"@type\":\"EntryPoint\",\"urlTemplate\":\"https:\\\/\\\/www.maisonose.nl\\\/?s={search_term_string}\"},\"query-input\":{\"@type\":\"PropertyValueSpecification\",\"valueRequired\":true,\"valueName\":\"search_term_string\"}}],\"inLanguage\":\"en-GB\"},{\"@type\":\"Organization\",\"@id\":\"https:\\\/\\\/www.maisonose.nl\\\/#organization\",\"name\":\"Maison Os\u00e9\",\"url\":\"https:\\\/\\\/www.maisonose.nl\\\/\",\"logo\":{\"@type\":\"ImageObject\",\"inLanguage\":\"en-GB\",\"@id\":\"https:\\\/\\\/www.maisonose.nl\\\/#\\\/schema\\\/logo\\\/image\\\/\",\"url\":\"https:\\\/\\\/www.maisonose.nl\\\/wp-content\\\/uploads\\\/2022\\\/01\\\/cropped-maison-ose-logo-wit-transparant-groot.png\",\"contentUrl\":\"https:\\\/\\\/www.maisonose.nl\\\/wp-content\\\/uploads\\\/2022\\\/01\\\/cropped-maison-ose-logo-wit-transparant-groot.png\",\"width\":1500,\"height\":325,\"caption\":\"Maison Os\u00e9\"},\"image\":{\"@id\":\"https:\\\/\\\/www.maisonose.nl\\\/#\\\/schema\\\/logo\\\/image\\\/\"}}]}<\/script>\n<!-- \/ Yoast SEO plugin. -->","yoast_head_json":{"title":"Kabelvest mohair gem\u00ealeerd groen bruin roze en blauw - Maison Os\u00e9","description":"hand gebreid kabelvest mohair in bosgroen, roze, taupe bruin en blauw. De kleuren zijn gem\u00ealeerd in het korte model kabelvest.","robots":{"index":"index","follow":"follow","max-snippet":"max-snippet:-1","max-image-preview":"max-image-preview:large","max-video-preview":"max-video-preview:-1"},"canonical":"https:\/\/www.maisonose.nl\/en\/product\/kabelvest-mohair-gemeleerd-groen-bruin-roze-blauw\/","og_locale":"en_GB","og_type":"article","og_title":"Kabelvest mohair gem\u00ealeerd groen bruin roze en blauw - Maison Os\u00e9","og_description":"hand gebreid kabelvest mohair in bosgroen, roze, taupe bruin en blauw. De kleuren zijn gem\u00ealeerd in het korte model kabelvest.","og_url":"https:\/\/www.maisonose.nl\/en\/product\/kabelvest-mohair-gemeleerd-groen-bruin-roze-blauw\/","og_site_name":"Maison Os\u00e9","article_modified_time":"2024-04-02T11:25:45+00:00","og_image":[{"width":1024,"height":1024,"url":"https:\/\/www.maisonose.nl\/wp-content\/uploads\/2022\/02\/chunkyknit_fluffy_mohair_cardigan_cropped-PhotoRoom-1024x1024.png","type":"image\/png"}],"twitter_card":"summary_large_image","twitter_misc":{"Estimated reading time":"2 minutes"},"schema":{"@context":"https:\/\/schema.org","@graph":[{"@type":"WebPage","@id":"https:\/\/www.maisonose.nl\/product\/kabelvest-mohair-gemeleerd-groen-bruin-roze-blauw\/","url":"https:\/\/www.maisonose.nl\/product\/kabelvest-mohair-gemeleerd-groen-bruin-roze-blauw\/","name":"Kabelvest mohair gem\u00ealeerd groen bruin roze en blauw - Maison Os\u00e9","isPartOf":{"@id":"https:\/\/www.maisonose.nl\/#website"},"primaryImageOfPage":{"@id":"https:\/\/www.maisonose.nl\/product\/kabelvest-mohair-gemeleerd-groen-bruin-roze-blauw\/#primaryimage"},"image":{"@id":"https:\/\/www.maisonose.nl\/product\/kabelvest-mohair-gemeleerd-groen-bruin-roze-blauw\/#primaryimage"},"thumbnailUrl":"https:\/\/www.maisonose.nl\/wp-content\/uploads\/2022\/02\/chunkyknit_fluffy_mohair_cardigan_cropped-PhotoRoom.png","datePublished":"2022-02-27T10:11:43+00:00","dateModified":"2024-04-02T11:25:45+00:00","description":"hand gebreid kabelvest mohair in bosgroen, roze, taupe bruin en blauw. De kleuren zijn gem\u00ealeerd in het korte model kabelvest.","breadcrumb":{"@id":"https:\/\/www.maisonose.nl\/product\/kabelvest-mohair-gemeleerd-groen-bruin-roze-blauw\/#breadcrumb"},"inLanguage":"en-GB","potentialAction":[{"@type":"ReadAction","target":["https:\/\/www.maisonose.nl\/product\/kabelvest-mohair-gemeleerd-groen-bruin-roze-blauw\/"]}]},{"@type":"ImageObject","inLanguage":"en-GB","@id":"https:\/\/www.maisonose.nl\/product\/kabelvest-mohair-gemeleerd-groen-bruin-roze-blauw\/#primaryimage","url":"https:\/\/www.maisonose.nl\/wp-content\/uploads\/2022\/02\/chunkyknit_fluffy_mohair_cardigan_cropped-PhotoRoom.png","contentUrl":"https:\/\/www.maisonose.nl\/wp-content\/uploads\/2022\/02\/chunkyknit_fluffy_mohair_cardigan_cropped-PhotoRoom.png","width":1512,"height":1512,"caption":"mohair kabelvest in bosgroen, blauw, koraalroze en taupe kleur"},{"@type":"BreadcrumbList","@id":"https:\/\/www.maisonose.nl\/product\/kabelvest-mohair-gemeleerd-groen-bruin-roze-blauw\/#breadcrumb","itemListElement":[{"@type":"ListItem","position":1,"name":"Home","item":"https:\/\/www.maisonose.nl\/"},{"@type":"ListItem","position":2,"name":"Shop","item":"https:\/\/www.maisonose.nl\/shop\/"},{"@type":"ListItem","position":3,"name":"Kabelvest mohair gem\u00ealeerd groen bruin roze en blauw"}]},{"@type":"WebSite","@id":"https:\/\/www.maisonose.nl\/#website","url":"https:\/\/www.maisonose.nl\/","name":"Maison Os\u00e9","description":"Handgebreide mohair sweaters en cardigans. One of a kind keypieces handknit with quality yarns","publisher":{"@id":"https:\/\/www.maisonose.nl\/#organization"},"potentialAction":[{"@type":"SearchAction","target":{"@type":"EntryPoint","urlTemplate":"https:\/\/www.maisonose.nl\/?s={search_term_string}"},"query-input":{"@type":"PropertyValueSpecification","valueRequired":true,"valueName":"search_term_string"}}],"inLanguage":"en-GB"},{"@type":"Organization","@id":"https:\/\/www.maisonose.nl\/#organization","name":"Maison Os\u00e9","url":"https:\/\/www.maisonose.nl\/","logo":{"@type":"ImageObject","inLanguage":"en-GB","@id":"https:\/\/www.maisonose.nl\/#\/schema\/logo\/image\/","url":"https:\/\/www.maisonose.nl\/wp-content\/uploads\/2022\/01\/cropped-maison-ose-logo-wit-transparant-groot.png","contentUrl":"https:\/\/www.maisonose.nl\/wp-content\/uploads\/2022\/01\/cropped-maison-ose-logo-wit-transparant-groot.png","width":1500,"height":325,"caption":"Maison Os\u00e9"},"image":{"@id":"https:\/\/www.maisonose.nl\/#\/schema\/logo\/image\/"}}]}},"_links":{"self":[{"href":"https:\/\/www.maisonose.nl\/en\/wp-json\/wp\/v2\/product\/2447","targetHints":{"allow":["GET"]}}],"collection":[{"href":"https:\/\/www.maisonose.nl\/en\/wp-json\/wp\/v2\/product"}],"about":[{"href":"https:\/\/www.maisonose.nl\/en\/wp-json\/wp\/v2\/types\/product"}],"replies":[{"embeddable":true,"href":"https:\/\/www.maisonose.nl\/en\/wp-json\/wp\/v2\/comments?post=2447"}],"wp:featuredmedia":[{"embeddable":true,"href":"https:\/\/www.maisonose.nl\/en\/wp-json\/wp\/v2\/media\/4244"}],"wp:attachment":[{"href":"https:\/\/www.maisonose.nl\/en\/wp-json\/wp\/v2\/media?parent=2447"}],"wp:term":[{"taxonomy":"product_brand","embeddable":true,"href":"https:\/\/www.maisonose.nl\/en\/wp-json\/wp\/v2\/product_brand?post=2447"},{"taxonomy":"product_cat","embeddable":true,"href":"https:\/\/www.maisonose.nl\/en\/wp-json\/wp\/v2\/product_cat?post=2447"},{"taxonomy":"product_tag","embeddable":true,"href":"https:\/\/www.maisonose.nl\/en\/wp-json\/wp\/v2\/product_tag?post=2447"}],"curies":[{"name":"wp","href":"https:\/\/api.w.org\/{rel}","templated":true}]}}