{"id":2822,"date":"2022-03-25T09:44:33","date_gmt":"2022-03-25T09:44:33","guid":{"rendered":"https:\/\/www.maisonose.nl\/?post_type=product&#038;p=2822"},"modified":"2024-12-18T16:42:17","modified_gmt":"2024-12-18T16:42:17","slug":"lang-mohair-vest-gemeleerd-berry-paars-groen-roze-met-dip-dye-mouw","status":"publish","type":"product","link":"https:\/\/www.maisonose.nl\/en\/product\/lang-mohair-vest-gemeleerd-berry-paars-groen-roze-met-dip-dye-mouw\/","title":{"rendered":"Long mohair cardigan mixed berry purple old pink green with dip-dye sleeve"},"content":{"rendered":"<h1>Long mohair cardigan mixed berry purple old pink green with dip-dye sleeve<\/h1>\n<p>Hand knit melange long cardigan in purple, green and pink mohair. This long ladies cardigan in eco-friendly produced mohair is hand knitted. Four strands of eco-friendly produced mohair from Fonty (75% mohair, 20% wool and 5% polyamide) were used.<\/p>\n<p>Fonty Ombelle is a beautifully fluffy mohair yarn. To give the mohair yarn strength, it is mixed with sheep's wool. In the design of this cardigan, three colors purple, green and pink are used. This has created a blended effect in the knitted mohair ladies cardigan.\u00a0 On the sleeves of the long mohair ladies cardigan is a dip-dye effect knitted with purple. The design of the vest is unique and created by Maison Os\u00e9.\u00a0<\/p>\n<p><img fetchpriority=\"high\" decoding=\"async\" class=\"alignnone wp-image-2815\" src=\"https:\/\/www.maisonose.nl\/wp-content\/uploads\/2022\/03\/lang_vest_mohair_berry_groen_roze-768x1024.jpg\" alt=\"gebreid lang vest mohair paars roze \" width=\"254\" height=\"339\" srcset=\"https:\/\/www.maisonose.nl\/wp-content\/uploads\/2022\/03\/lang_vest_mohair_berry_groen_roze-768x1024.jpg 768w, https:\/\/www.maisonose.nl\/wp-content\/uploads\/2022\/03\/lang_vest_mohair_berry_groen_roze-225x300.jpg 225w, https:\/\/www.maisonose.nl\/wp-content\/uploads\/2022\/03\/lang_vest_mohair_berry_groen_roze-1152x1536.jpg 1152w, https:\/\/www.maisonose.nl\/wp-content\/uploads\/2022\/03\/lang_vest_mohair_berry_groen_roze-1536x2048.jpg 1536w, https:\/\/www.maisonose.nl\/wp-content\/uploads\/2022\/03\/lang_vest_mohair_berry_groen_roze-9x12.jpg 9w, https:\/\/www.maisonose.nl\/wp-content\/uploads\/2022\/03\/lang_vest_mohair_berry_groen_roze-600x800.jpg 600w, https:\/\/www.maisonose.nl\/wp-content\/uploads\/2022\/03\/lang_vest_mohair_berry_groen_roze-scaled.jpg 1920w\" sizes=\"(max-width: 254px) 100vw, 254px\" \/> <img decoding=\"async\" class=\"alignnone wp-image-2814\" src=\"https:\/\/www.maisonose.nl\/wp-content\/uploads\/2022\/03\/gemeleerd_lang_vest_paars_roze_groen_fuchsia_mohair-225x300.jpg\" alt=\"Lang mohair vest gem\u00ealeerd berry paars\" width=\"250\" height=\"334\" srcset=\"https:\/\/www.maisonose.nl\/wp-content\/uploads\/2022\/03\/gemeleerd_lang_vest_paars_roze_groen_fuchsia_mohair-225x300.jpg 225w, https:\/\/www.maisonose.nl\/wp-content\/uploads\/2022\/03\/gemeleerd_lang_vest_paars_roze_groen_fuchsia_mohair-768x1024.jpg 768w, https:\/\/www.maisonose.nl\/wp-content\/uploads\/2022\/03\/gemeleerd_lang_vest_paars_roze_groen_fuchsia_mohair-1152x1536.jpg 1152w, https:\/\/www.maisonose.nl\/wp-content\/uploads\/2022\/03\/gemeleerd_lang_vest_paars_roze_groen_fuchsia_mohair-1536x2048.jpg 1536w, https:\/\/www.maisonose.nl\/wp-content\/uploads\/2022\/03\/gemeleerd_lang_vest_paars_roze_groen_fuchsia_mohair-9x12.jpg 9w, https:\/\/www.maisonose.nl\/wp-content\/uploads\/2022\/03\/gemeleerd_lang_vest_paars_roze_groen_fuchsia_mohair-600x800.jpg 600w, https:\/\/www.maisonose.nl\/wp-content\/uploads\/2022\/03\/gemeleerd_lang_vest_paars_roze_groen_fuchsia_mohair-scaled.jpg 1920w\" sizes=\"(max-width: 250px) 100vw, 250px\" \/><\/p>\n<h2>Size and model long knitted ladies cardigan mohair in purple pink green<\/h2>\n<p>The size of the blended green pull in mohair falls as medium, size 38-40 EU. The model of the mohair cardigan falls oversized and long. The ladies cardigan has a lot of volume in the body and in the sleeves. The sleeves of the green blue mohair cardigan have beautiful dip-dye effect at the ends of the sleeves. The brown blue and rust orange tones slowly blend into a forest green color. The length of the green mohair Bernadette cardigan is approximately 80 centimeters. This beautiful long ladies cardigan is also available with cable sleeves in l<a href=\"https:\/\/www.maisonose.nl\/en\/product\/pastel-kabelvest-mohair-lichtroze\/\"><strong>ight pink with pastel colors, click here for more info.<\/strong><\/a><\/p>\n<p>&nbsp;<\/p>\n<p>&nbsp;<\/p>\n<p>&nbsp;<\/p>\n<p>&nbsp;<\/p>\n<p>&nbsp;<\/p>","protected":false},"excerpt":{"rendered":"<p>Lang mohair vest gem\u00ealeerd berry paars oudroze groen met dip-dye mouw Hand gebreid gem\u00ealeerd lang vest in paars, groen en roze mohair. Dit lange damesvest in eco-friendly geproduceerde mohair is met de hand gebreid. Er zijn vier draden eco-friendly geproduceerde mohair van Fonty (75% mohair, 20% wol en 5% polyamide) gebruikt. Fonty Ombelle is een [&hellip;]<\/p>\n","protected":false},"featured_media":4243,"comment_status":"open","ping_status":"closed","template":"","meta":[],"product_brand":[],"product_cat":[17],"product_tag":[99],"class_list":{"0":"post-2822","1":"product","2":"type-product","3":"status-publish","4":"has-post-thumbnail","6":"product_cat-gebreide-mohair-sweaters","7":"product_tag-lang-vest-mohair","9":"first","10":"outofstock","11":"taxable","12":"shipping-taxable","13":"purchasable","14":"product-type-simple"},"yoast_head":"<!-- This site is optimized with the Yoast SEO plugin v27.3 - https:\/\/yoast.com\/product\/yoast-seo-wordpress\/ -->\n<title>Lang mohair vest gem\u00ealeerd berry paars oudroze groen met dip-dye mouw - Maison Os\u00e9<\/title>\n<meta name=\"description\" content=\"Hand gebreid gem\u00ealeerd lang vest in berry paars groen en roze mohair. Dit lange damesvest in eco-friendly mohair is met de hand gebreid.\" \/>\n<meta name=\"robots\" content=\"index, follow, max-snippet:-1, max-image-preview:large, max-video-preview:-1\" \/>\n<link rel=\"canonical\" href=\"https:\/\/www.maisonose.nl\/en\/product\/lang-mohair-vest-gemeleerd-berry-paars-groen-roze-met-dip-dye-mouw\/\" \/>\n<meta property=\"og:locale\" content=\"en_GB\" \/>\n<meta property=\"og:type\" content=\"article\" \/>\n<meta property=\"og:title\" content=\"Lang mohair vest gem\u00ealeerd berry paars oudroze groen met dip-dye mouw - Maison Os\u00e9\" \/>\n<meta property=\"og:description\" content=\"Hand gebreid gem\u00ealeerd lang vest in berry paars groen en roze mohair. Dit lange damesvest in eco-friendly mohair is met de hand gebreid.\" \/>\n<meta property=\"og:url\" content=\"https:\/\/www.maisonose.nl\/en\/product\/lang-mohair-vest-gemeleerd-berry-paars-groen-roze-met-dip-dye-mouw\/\" \/>\n<meta property=\"og:site_name\" content=\"Maison Os\u00e9\" \/>\n<meta property=\"article:modified_time\" content=\"2024-12-18T16:42:17+00:00\" \/>\n<meta property=\"og:image\" content=\"https:\/\/www.maisonose.nl\/wp-content\/uploads\/2022\/03\/maisonose_knitwear_handmade_luxury-PhotoRoom-1024x1024.png\" \/>\n\t<meta property=\"og:image:width\" content=\"1024\" \/>\n\t<meta property=\"og:image:height\" content=\"1024\" \/>\n\t<meta property=\"og:image:type\" content=\"image\/png\" \/>\n<meta name=\"twitter:card\" content=\"summary_large_image\" \/>\n<meta name=\"twitter:label1\" content=\"Estimated reading time\" \/>\n\t<meta name=\"twitter:data1\" content=\"2 minutes\" \/>\n<script type=\"application\/ld+json\" class=\"yoast-schema-graph\">{\"@context\":\"https:\\\/\\\/schema.org\",\"@graph\":[{\"@type\":\"WebPage\",\"@id\":\"https:\\\/\\\/www.maisonose.nl\\\/product\\\/lang-mohair-vest-gemeleerd-berry-paars-groen-roze-met-dip-dye-mouw\\\/\",\"url\":\"https:\\\/\\\/www.maisonose.nl\\\/product\\\/lang-mohair-vest-gemeleerd-berry-paars-groen-roze-met-dip-dye-mouw\\\/\",\"name\":\"Lang mohair vest gem\u00ealeerd berry paars oudroze groen met dip-dye mouw - Maison Os\u00e9\",\"isPartOf\":{\"@id\":\"https:\\\/\\\/www.maisonose.nl\\\/#website\"},\"primaryImageOfPage\":{\"@id\":\"https:\\\/\\\/www.maisonose.nl\\\/product\\\/lang-mohair-vest-gemeleerd-berry-paars-groen-roze-met-dip-dye-mouw\\\/#primaryimage\"},\"image\":{\"@id\":\"https:\\\/\\\/www.maisonose.nl\\\/product\\\/lang-mohair-vest-gemeleerd-berry-paars-groen-roze-met-dip-dye-mouw\\\/#primaryimage\"},\"thumbnailUrl\":\"https:\\\/\\\/www.maisonose.nl\\\/wp-content\\\/uploads\\\/2022\\\/03\\\/maisonose_knitwear_handmade_luxury-PhotoRoom.png\",\"datePublished\":\"2022-03-25T09:44:33+00:00\",\"dateModified\":\"2024-12-18T16:42:17+00:00\",\"description\":\"Hand gebreid gem\u00ealeerd lang vest in berry paars groen en roze mohair. Dit lange damesvest in eco-friendly mohair is met de hand gebreid.\",\"breadcrumb\":{\"@id\":\"https:\\\/\\\/www.maisonose.nl\\\/product\\\/lang-mohair-vest-gemeleerd-berry-paars-groen-roze-met-dip-dye-mouw\\\/#breadcrumb\"},\"inLanguage\":\"en-GB\",\"potentialAction\":[{\"@type\":\"ReadAction\",\"target\":[\"https:\\\/\\\/www.maisonose.nl\\\/product\\\/lang-mohair-vest-gemeleerd-berry-paars-groen-roze-met-dip-dye-mouw\\\/\"]}]},{\"@type\":\"ImageObject\",\"inLanguage\":\"en-GB\",\"@id\":\"https:\\\/\\\/www.maisonose.nl\\\/product\\\/lang-mohair-vest-gemeleerd-berry-paars-groen-roze-met-dip-dye-mouw\\\/#primaryimage\",\"url\":\"https:\\\/\\\/www.maisonose.nl\\\/wp-content\\\/uploads\\\/2022\\\/03\\\/maisonose_knitwear_handmade_luxury-PhotoRoom.png\",\"contentUrl\":\"https:\\\/\\\/www.maisonose.nl\\\/wp-content\\\/uploads\\\/2022\\\/03\\\/maisonose_knitwear_handmade_luxury-PhotoRoom.png\",\"width\":1512,\"height\":1512,\"caption\":\"berry cardigan mohair\"},{\"@type\":\"BreadcrumbList\",\"@id\":\"https:\\\/\\\/www.maisonose.nl\\\/product\\\/lang-mohair-vest-gemeleerd-berry-paars-groen-roze-met-dip-dye-mouw\\\/#breadcrumb\",\"itemListElement\":[{\"@type\":\"ListItem\",\"position\":1,\"name\":\"Home\",\"item\":\"https:\\\/\\\/www.maisonose.nl\\\/\"},{\"@type\":\"ListItem\",\"position\":2,\"name\":\"Shop\",\"item\":\"https:\\\/\\\/www.maisonose.nl\\\/shop\\\/\"},{\"@type\":\"ListItem\",\"position\":3,\"name\":\"Lang mohair vest gem\u00ealeerd berry paars oudroze groen met dip-dye mouw\"}]},{\"@type\":\"WebSite\",\"@id\":\"https:\\\/\\\/www.maisonose.nl\\\/#website\",\"url\":\"https:\\\/\\\/www.maisonose.nl\\\/\",\"name\":\"Maison Os\u00e9\",\"description\":\"Handgebreide mohair sweaters en cardigans. One of a kind keypieces handknit with quality yarns\",\"publisher\":{\"@id\":\"https:\\\/\\\/www.maisonose.nl\\\/#organization\"},\"potentialAction\":[{\"@type\":\"SearchAction\",\"target\":{\"@type\":\"EntryPoint\",\"urlTemplate\":\"https:\\\/\\\/www.maisonose.nl\\\/?s={search_term_string}\"},\"query-input\":{\"@type\":\"PropertyValueSpecification\",\"valueRequired\":true,\"valueName\":\"search_term_string\"}}],\"inLanguage\":\"en-GB\"},{\"@type\":\"Organization\",\"@id\":\"https:\\\/\\\/www.maisonose.nl\\\/#organization\",\"name\":\"Maison Os\u00e9\",\"url\":\"https:\\\/\\\/www.maisonose.nl\\\/\",\"logo\":{\"@type\":\"ImageObject\",\"inLanguage\":\"en-GB\",\"@id\":\"https:\\\/\\\/www.maisonose.nl\\\/#\\\/schema\\\/logo\\\/image\\\/\",\"url\":\"https:\\\/\\\/www.maisonose.nl\\\/wp-content\\\/uploads\\\/2022\\\/01\\\/cropped-maison-ose-logo-wit-transparant-groot.png\",\"contentUrl\":\"https:\\\/\\\/www.maisonose.nl\\\/wp-content\\\/uploads\\\/2022\\\/01\\\/cropped-maison-ose-logo-wit-transparant-groot.png\",\"width\":1500,\"height\":325,\"caption\":\"Maison Os\u00e9\"},\"image\":{\"@id\":\"https:\\\/\\\/www.maisonose.nl\\\/#\\\/schema\\\/logo\\\/image\\\/\"}}]}<\/script>\n<!-- \/ Yoast SEO plugin. -->","yoast_head_json":{"title":"Lang mohair vest gem\u00ealeerd berry paars oudroze groen met dip-dye mouw - Maison Os\u00e9","description":"Hand gebreid gem\u00ealeerd lang vest in berry paars groen en roze mohair. Dit lange damesvest in eco-friendly mohair is met de hand gebreid.","robots":{"index":"index","follow":"follow","max-snippet":"max-snippet:-1","max-image-preview":"max-image-preview:large","max-video-preview":"max-video-preview:-1"},"canonical":"https:\/\/www.maisonose.nl\/en\/product\/lang-mohair-vest-gemeleerd-berry-paars-groen-roze-met-dip-dye-mouw\/","og_locale":"en_GB","og_type":"article","og_title":"Lang mohair vest gem\u00ealeerd berry paars oudroze groen met dip-dye mouw - Maison Os\u00e9","og_description":"Hand gebreid gem\u00ealeerd lang vest in berry paars groen en roze mohair. Dit lange damesvest in eco-friendly mohair is met de hand gebreid.","og_url":"https:\/\/www.maisonose.nl\/en\/product\/lang-mohair-vest-gemeleerd-berry-paars-groen-roze-met-dip-dye-mouw\/","og_site_name":"Maison Os\u00e9","article_modified_time":"2024-12-18T16:42:17+00:00","og_image":[{"width":1024,"height":1024,"url":"https:\/\/www.maisonose.nl\/wp-content\/uploads\/2022\/03\/maisonose_knitwear_handmade_luxury-PhotoRoom-1024x1024.png","type":"image\/png"}],"twitter_card":"summary_large_image","twitter_misc":{"Estimated reading time":"2 minutes"},"schema":{"@context":"https:\/\/schema.org","@graph":[{"@type":"WebPage","@id":"https:\/\/www.maisonose.nl\/product\/lang-mohair-vest-gemeleerd-berry-paars-groen-roze-met-dip-dye-mouw\/","url":"https:\/\/www.maisonose.nl\/product\/lang-mohair-vest-gemeleerd-berry-paars-groen-roze-met-dip-dye-mouw\/","name":"Lang mohair vest gem\u00ealeerd berry paars oudroze groen met dip-dye mouw - Maison Os\u00e9","isPartOf":{"@id":"https:\/\/www.maisonose.nl\/#website"},"primaryImageOfPage":{"@id":"https:\/\/www.maisonose.nl\/product\/lang-mohair-vest-gemeleerd-berry-paars-groen-roze-met-dip-dye-mouw\/#primaryimage"},"image":{"@id":"https:\/\/www.maisonose.nl\/product\/lang-mohair-vest-gemeleerd-berry-paars-groen-roze-met-dip-dye-mouw\/#primaryimage"},"thumbnailUrl":"https:\/\/www.maisonose.nl\/wp-content\/uploads\/2022\/03\/maisonose_knitwear_handmade_luxury-PhotoRoom.png","datePublished":"2022-03-25T09:44:33+00:00","dateModified":"2024-12-18T16:42:17+00:00","description":"Hand gebreid gem\u00ealeerd lang vest in berry paars groen en roze mohair. Dit lange damesvest in eco-friendly mohair is met de hand gebreid.","breadcrumb":{"@id":"https:\/\/www.maisonose.nl\/product\/lang-mohair-vest-gemeleerd-berry-paars-groen-roze-met-dip-dye-mouw\/#breadcrumb"},"inLanguage":"en-GB","potentialAction":[{"@type":"ReadAction","target":["https:\/\/www.maisonose.nl\/product\/lang-mohair-vest-gemeleerd-berry-paars-groen-roze-met-dip-dye-mouw\/"]}]},{"@type":"ImageObject","inLanguage":"en-GB","@id":"https:\/\/www.maisonose.nl\/product\/lang-mohair-vest-gemeleerd-berry-paars-groen-roze-met-dip-dye-mouw\/#primaryimage","url":"https:\/\/www.maisonose.nl\/wp-content\/uploads\/2022\/03\/maisonose_knitwear_handmade_luxury-PhotoRoom.png","contentUrl":"https:\/\/www.maisonose.nl\/wp-content\/uploads\/2022\/03\/maisonose_knitwear_handmade_luxury-PhotoRoom.png","width":1512,"height":1512,"caption":"berry cardigan mohair"},{"@type":"BreadcrumbList","@id":"https:\/\/www.maisonose.nl\/product\/lang-mohair-vest-gemeleerd-berry-paars-groen-roze-met-dip-dye-mouw\/#breadcrumb","itemListElement":[{"@type":"ListItem","position":1,"name":"Home","item":"https:\/\/www.maisonose.nl\/"},{"@type":"ListItem","position":2,"name":"Shop","item":"https:\/\/www.maisonose.nl\/shop\/"},{"@type":"ListItem","position":3,"name":"Lang mohair vest gem\u00ealeerd berry paars oudroze groen met dip-dye mouw"}]},{"@type":"WebSite","@id":"https:\/\/www.maisonose.nl\/#website","url":"https:\/\/www.maisonose.nl\/","name":"Maison Os\u00e9","description":"Handgebreide mohair sweaters en cardigans. One of a kind keypieces handknit with quality yarns","publisher":{"@id":"https:\/\/www.maisonose.nl\/#organization"},"potentialAction":[{"@type":"SearchAction","target":{"@type":"EntryPoint","urlTemplate":"https:\/\/www.maisonose.nl\/?s={search_term_string}"},"query-input":{"@type":"PropertyValueSpecification","valueRequired":true,"valueName":"search_term_string"}}],"inLanguage":"en-GB"},{"@type":"Organization","@id":"https:\/\/www.maisonose.nl\/#organization","name":"Maison Os\u00e9","url":"https:\/\/www.maisonose.nl\/","logo":{"@type":"ImageObject","inLanguage":"en-GB","@id":"https:\/\/www.maisonose.nl\/#\/schema\/logo\/image\/","url":"https:\/\/www.maisonose.nl\/wp-content\/uploads\/2022\/01\/cropped-maison-ose-logo-wit-transparant-groot.png","contentUrl":"https:\/\/www.maisonose.nl\/wp-content\/uploads\/2022\/01\/cropped-maison-ose-logo-wit-transparant-groot.png","width":1500,"height":325,"caption":"Maison Os\u00e9"},"image":{"@id":"https:\/\/www.maisonose.nl\/#\/schema\/logo\/image\/"}}]}},"_links":{"self":[{"href":"https:\/\/www.maisonose.nl\/en\/wp-json\/wp\/v2\/product\/2822","targetHints":{"allow":["GET"]}}],"collection":[{"href":"https:\/\/www.maisonose.nl\/en\/wp-json\/wp\/v2\/product"}],"about":[{"href":"https:\/\/www.maisonose.nl\/en\/wp-json\/wp\/v2\/types\/product"}],"replies":[{"embeddable":true,"href":"https:\/\/www.maisonose.nl\/en\/wp-json\/wp\/v2\/comments?post=2822"}],"wp:featuredmedia":[{"embeddable":true,"href":"https:\/\/www.maisonose.nl\/en\/wp-json\/wp\/v2\/media\/4243"}],"wp:attachment":[{"href":"https:\/\/www.maisonose.nl\/en\/wp-json\/wp\/v2\/media?parent=2822"}],"wp:term":[{"taxonomy":"product_brand","embeddable":true,"href":"https:\/\/www.maisonose.nl\/en\/wp-json\/wp\/v2\/product_brand?post=2822"},{"taxonomy":"product_cat","embeddable":true,"href":"https:\/\/www.maisonose.nl\/en\/wp-json\/wp\/v2\/product_cat?post=2822"},{"taxonomy":"product_tag","embeddable":true,"href":"https:\/\/www.maisonose.nl\/en\/wp-json\/wp\/v2\/product_tag?post=2822"}],"curies":[{"name":"wp","href":"https:\/\/api.w.org\/{rel}","templated":true}]}}