{"id":2835,"date":"2022-03-27T09:50:53","date_gmt":"2022-03-27T09:50:53","guid":{"rendered":"https:\/\/www.maisonose.nl\/?post_type=product&#038;p=2835"},"modified":"2024-09-30T10:36:28","modified_gmt":"2024-09-30T10:36:28","slug":"lang-mohair-vest-gemeleerd-groen-blauw-met-dip-dye-mouw","status":"publish","type":"product","link":"https:\/\/www.maisonose.nl\/en\/product\/lang-mohair-vest-gemeleerd-groen-blauw-met-dip-dye-mouw\/","title":{"rendered":"Long mohair cardigan mixed forest green blue taupe with dip-dye sleeve"},"content":{"rendered":"<h1>Long mohair cardigan mixed forest green blue taupe and rust orange with dip-dye sleeve<\/h1>\n<p>Hand knit melange long cardigan in green, blue and brown mohair. This long women's cardigan in eco-friendly produced mohair is hand knit. Four strands of eco-friendly and animal-friendly produced mohair from Fonty (75% mohair, 20% wool and 5% polyamide) were used. The yarn used to knit the long mohair cardigan consists of 95% natural materials.<\/p>\n<p>Fonty Ombelle is een prachtig pluizig mohair garen. Om het mohair garen stevigheid te geven wordt het gemixt met wol. In het ontwerp van dit vest zijn bosgroen, taupe bruin, blauw en roestoranje gebruikt. Hiermee is een gem\u00ealeerd effect gecre\u00eberd in het gebreide mohair damesvest.\u00a0 Op de mouwen van het lange mohair damesvest is een dip-dye effect gebreid met bosgroen.<\/p>\n<p><img fetchpriority=\"high\" decoding=\"async\" class=\"alignnone wp-image-2832 size-medium\" src=\"https:\/\/www.maisonose.nl\/wp-content\/uploads\/2022\/03\/lang_vest_mohair_blauw_groen_bruin_roestoranje-scaled-e1648377121223-247x300.jpg\" alt=\"bernadette vest mohair groen\" width=\"247\" height=\"300\" srcset=\"https:\/\/www.maisonose.nl\/wp-content\/uploads\/2022\/03\/lang_vest_mohair_blauw_groen_bruin_roestoranje-scaled-e1648377121223-247x300.jpg 247w, https:\/\/www.maisonose.nl\/wp-content\/uploads\/2022\/03\/lang_vest_mohair_blauw_groen_bruin_roestoranje-scaled-e1648377121223-842x1024.jpg 842w, https:\/\/www.maisonose.nl\/wp-content\/uploads\/2022\/03\/lang_vest_mohair_blauw_groen_bruin_roestoranje-scaled-e1648377121223-768x934.jpg 768w, https:\/\/www.maisonose.nl\/wp-content\/uploads\/2022\/03\/lang_vest_mohair_blauw_groen_bruin_roestoranje-scaled-e1648377121223-1262x1536.jpg 1262w, https:\/\/www.maisonose.nl\/wp-content\/uploads\/2022\/03\/lang_vest_mohair_blauw_groen_bruin_roestoranje-scaled-e1648377121223-1683x2048.jpg 1683w, https:\/\/www.maisonose.nl\/wp-content\/uploads\/2022\/03\/lang_vest_mohair_blauw_groen_bruin_roestoranje-scaled-e1648377121223-10x12.jpg 10w, https:\/\/www.maisonose.nl\/wp-content\/uploads\/2022\/03\/lang_vest_mohair_blauw_groen_bruin_roestoranje-scaled-e1648377121223-600x730.jpg 600w, https:\/\/www.maisonose.nl\/wp-content\/uploads\/2022\/03\/lang_vest_mohair_blauw_groen_bruin_roestoranje-scaled-e1648377121223.jpg 1920w\" sizes=\"(max-width: 247px) 100vw, 247px\" \/>\u00a0 <img decoding=\"async\" class=\"alignnone wp-image-2830 size-medium\" src=\"https:\/\/www.maisonose.nl\/wp-content\/uploads\/2022\/03\/bernadette_vest_mohair_blauw_groen-scaled-e1648377080984-227x300.jpg\" alt=\"mohair strickjacke blau grun\" width=\"227\" height=\"300\" srcset=\"https:\/\/www.maisonose.nl\/wp-content\/uploads\/2022\/03\/bernadette_vest_mohair_blauw_groen-scaled-e1648377080984-227x300.jpg 227w, https:\/\/www.maisonose.nl\/wp-content\/uploads\/2022\/03\/bernadette_vest_mohair_blauw_groen-scaled-e1648377080984-774x1024.jpg 774w, https:\/\/www.maisonose.nl\/wp-content\/uploads\/2022\/03\/bernadette_vest_mohair_blauw_groen-scaled-e1648377080984-768x1017.jpg 768w, https:\/\/www.maisonose.nl\/wp-content\/uploads\/2022\/03\/bernadette_vest_mohair_blauw_groen-scaled-e1648377080984-1160x1536.jpg 1160w, https:\/\/www.maisonose.nl\/wp-content\/uploads\/2022\/03\/bernadette_vest_mohair_blauw_groen-scaled-e1648377080984-1547x2048.jpg 1547w, https:\/\/www.maisonose.nl\/wp-content\/uploads\/2022\/03\/bernadette_vest_mohair_blauw_groen-scaled-e1648377080984-9x12.jpg 9w, https:\/\/www.maisonose.nl\/wp-content\/uploads\/2022\/03\/bernadette_vest_mohair_blauw_groen-scaled-e1648377080984-600x794.jpg 600w, https:\/\/www.maisonose.nl\/wp-content\/uploads\/2022\/03\/bernadette_vest_mohair_blauw_groen-scaled-e1648377080984.jpg 1721w\" sizes=\"(max-width: 227px) 100vw, 227px\" \/><img decoding=\"async\" class=\"alignnone size-medium wp-image-3765\" src=\"https:\/\/www.maisonose.nl\/wp-content\/uploads\/2022\/03\/groen_blauw_mohair_damesvest-223x300.jpg\" alt=\"groen blauw vest mohair dames\" width=\"223\" height=\"300\" srcset=\"https:\/\/www.maisonose.nl\/wp-content\/uploads\/2022\/03\/groen_blauw_mohair_damesvest-223x300.jpg 223w, https:\/\/www.maisonose.nl\/wp-content\/uploads\/2022\/03\/groen_blauw_mohair_damesvest-761x1024.jpg 761w, https:\/\/www.maisonose.nl\/wp-content\/uploads\/2022\/03\/groen_blauw_mohair_damesvest-768x1033.jpg 768w, https:\/\/www.maisonose.nl\/wp-content\/uploads\/2022\/03\/groen_blauw_mohair_damesvest-1142x1536.jpg 1142w, https:\/\/www.maisonose.nl\/wp-content\/uploads\/2022\/03\/groen_blauw_mohair_damesvest-1523x2048.jpg 1523w, https:\/\/www.maisonose.nl\/wp-content\/uploads\/2022\/03\/groen_blauw_mohair_damesvest-9x12.jpg 9w, https:\/\/www.maisonose.nl\/wp-content\/uploads\/2022\/03\/groen_blauw_mohair_damesvest-600x807.jpg 600w, https:\/\/www.maisonose.nl\/wp-content\/uploads\/2022\/03\/groen_blauw_mohair_damesvest-scaled.jpg 1904w\" sizes=\"(max-width: 223px) 100vw, 223px\" \/><\/p>\n<h2>Size and model long knitted ladies cardigan mohair in blue green<\/h2>\n<p>The size of the blended green pull in mohair falls as medium, size 38-40 EU. The model of the mohair cardigan falls oversized and long. The ladies cardigan has a lot of volume in the body and in the sleeves. The sleeves of the green blue mohair cardigan have beautiful dip-dye effect at the ends of the sleeves. The brown blue and rust orange tones slowly blend into a forest green color. The length of the green mohair Bernadette cardigan is approximately 80 centimeters. This beautiful long ladies cardigan is also available with cable sleeves in l<a href=\"https:\/\/www.maisonose.nl\/en\/product\/pastel-kabelvest-mohair-lichtroze\/\"><strong>ight pink with pastel colors, click here for more info.<\/strong><\/a><\/p>\n<p>Het vest kan worden nabesteld en wordt op maat gemaakt. Het duurt circa 1 tot 1,5 week om het vest te maken en te versturen.<\/p>\n<p>&nbsp;<\/p>\n<p>&nbsp;<\/p>\n<p>&nbsp;<\/p>\n<p>&nbsp;<\/p>\n<p>&nbsp;<\/p>\n<p>&nbsp;<\/p>","protected":false},"excerpt":{"rendered":"<p>Lang mohair vest gem\u00ealeerd bosgroen blauw taupe en roestoranje met dip-dye mouw Hand gebreid gem\u00ealeerd lang vest in groen, blauwe en bruine mohair. Dit lange damesvest in eco-friendly geproduceerde mohair is met de hand gebreid. Er zijn vier draden eco-friendly en dierviendelijk geproduceerde mohair van Fonty (75% mohair, 20% wol en 5% polyamide) gebruikt. Het [&hellip;]<\/p>\n","protected":false},"featured_media":2831,"comment_status":"open","ping_status":"closed","template":"","meta":[],"product_brand":[],"product_cat":[17],"product_tag":[99],"class_list":{"0":"post-2835","1":"product","2":"type-product","3":"status-publish","4":"has-post-thumbnail","6":"product_cat-gebreide-mohair-sweaters","7":"product_tag-lang-vest-mohair","9":"first","10":"outofstock","11":"taxable","12":"shipping-taxable","13":"purchasable","14":"product-type-simple"},"yoast_head":"<!-- This site is optimized with the Yoast SEO plugin v27.5 - https:\/\/yoast.com\/product\/yoast-seo-wordpress\/ -->\n<title>Lang mohair vest gem\u00ealeerd bosgroen blauw taupe met dip-dye mouw - Maison Os\u00e9<\/title>\n<meta name=\"description\" content=\"Hand gebreid gem\u00ealeerd lang vest in groen, blauw, taupe en roestoranje mohair. Dit lange damesvest in eco-friendly mohair is hand gebreid.\" \/>\n<meta name=\"robots\" content=\"index, follow, max-snippet:-1, max-image-preview:large, max-video-preview:-1\" \/>\n<link rel=\"canonical\" href=\"https:\/\/www.maisonose.nl\/en\/product\/lang-mohair-vest-gemeleerd-groen-blauw-met-dip-dye-mouw\/\" \/>\n<meta property=\"og:locale\" content=\"en_GB\" \/>\n<meta property=\"og:type\" content=\"article\" \/>\n<meta property=\"og:title\" content=\"Lang mohair vest gem\u00ealeerd bosgroen blauw taupe met dip-dye mouw - Maison Os\u00e9\" \/>\n<meta property=\"og:description\" content=\"Hand gebreid gem\u00ealeerd lang vest in groen, blauw, taupe en roestoranje mohair. Dit lange damesvest in eco-friendly mohair is hand gebreid.\" \/>\n<meta property=\"og:url\" content=\"https:\/\/www.maisonose.nl\/en\/product\/lang-mohair-vest-gemeleerd-groen-blauw-met-dip-dye-mouw\/\" \/>\n<meta property=\"og:site_name\" content=\"Maison Os\u00e9\" \/>\n<meta property=\"article:modified_time\" content=\"2024-09-30T10:36:28+00:00\" \/>\n<meta property=\"og:image\" content=\"https:\/\/www.maisonose.nl\/wp-content\/uploads\/2022\/03\/hand_gebreid_damesvest_mohair_lang_bosgroen_bluaw_bruin_oranje-scaled.jpg\" \/>\n\t<meta property=\"og:image:width\" content=\"1920\" \/>\n\t<meta property=\"og:image:height\" content=\"2560\" \/>\n\t<meta property=\"og:image:type\" content=\"image\/jpeg\" \/>\n<meta name=\"twitter:card\" content=\"summary_large_image\" \/>\n<meta name=\"twitter:label1\" content=\"Estimated reading time\" \/>\n\t<meta name=\"twitter:data1\" content=\"2 minutes\" \/>\n<script type=\"application\/ld+json\" class=\"yoast-schema-graph\">{\"@context\":\"https:\\\/\\\/schema.org\",\"@graph\":[{\"@type\":\"WebPage\",\"@id\":\"https:\\\/\\\/www.maisonose.nl\\\/product\\\/lang-mohair-vest-gemeleerd-groen-blauw-met-dip-dye-mouw\\\/\",\"url\":\"https:\\\/\\\/www.maisonose.nl\\\/product\\\/lang-mohair-vest-gemeleerd-groen-blauw-met-dip-dye-mouw\\\/\",\"name\":\"Lang mohair vest gem\u00ealeerd bosgroen blauw taupe met dip-dye mouw - Maison Os\u00e9\",\"isPartOf\":{\"@id\":\"https:\\\/\\\/www.maisonose.nl\\\/#website\"},\"primaryImageOfPage\":{\"@id\":\"https:\\\/\\\/www.maisonose.nl\\\/product\\\/lang-mohair-vest-gemeleerd-groen-blauw-met-dip-dye-mouw\\\/#primaryimage\"},\"image\":{\"@id\":\"https:\\\/\\\/www.maisonose.nl\\\/product\\\/lang-mohair-vest-gemeleerd-groen-blauw-met-dip-dye-mouw\\\/#primaryimage\"},\"thumbnailUrl\":\"https:\\\/\\\/www.maisonose.nl\\\/wp-content\\\/uploads\\\/2022\\\/03\\\/hand_gebreid_damesvest_mohair_lang_bosgroen_bluaw_bruin_oranje-scaled.jpg\",\"datePublished\":\"2022-03-27T09:50:53+00:00\",\"dateModified\":\"2024-09-30T10:36:28+00:00\",\"description\":\"Hand gebreid gem\u00ealeerd lang vest in groen, blauw, taupe en roestoranje mohair. Dit lange damesvest in eco-friendly mohair is hand gebreid.\",\"breadcrumb\":{\"@id\":\"https:\\\/\\\/www.maisonose.nl\\\/product\\\/lang-mohair-vest-gemeleerd-groen-blauw-met-dip-dye-mouw\\\/#breadcrumb\"},\"inLanguage\":\"en-GB\",\"potentialAction\":[{\"@type\":\"ReadAction\",\"target\":[\"https:\\\/\\\/www.maisonose.nl\\\/product\\\/lang-mohair-vest-gemeleerd-groen-blauw-met-dip-dye-mouw\\\/\"]}]},{\"@type\":\"ImageObject\",\"inLanguage\":\"en-GB\",\"@id\":\"https:\\\/\\\/www.maisonose.nl\\\/product\\\/lang-mohair-vest-gemeleerd-groen-blauw-met-dip-dye-mouw\\\/#primaryimage\",\"url\":\"https:\\\/\\\/www.maisonose.nl\\\/wp-content\\\/uploads\\\/2022\\\/03\\\/hand_gebreid_damesvest_mohair_lang_bosgroen_bluaw_bruin_oranje-scaled.jpg\",\"contentUrl\":\"https:\\\/\\\/www.maisonose.nl\\\/wp-content\\\/uploads\\\/2022\\\/03\\\/hand_gebreid_damesvest_mohair_lang_bosgroen_bluaw_bruin_oranje-scaled.jpg\",\"width\":1920,\"height\":2560,\"caption\":\"chunkyknit mohair cardigan green blue\"},{\"@type\":\"BreadcrumbList\",\"@id\":\"https:\\\/\\\/www.maisonose.nl\\\/product\\\/lang-mohair-vest-gemeleerd-groen-blauw-met-dip-dye-mouw\\\/#breadcrumb\",\"itemListElement\":[{\"@type\":\"ListItem\",\"position\":1,\"name\":\"Home\",\"item\":\"https:\\\/\\\/www.maisonose.nl\\\/\"},{\"@type\":\"ListItem\",\"position\":2,\"name\":\"Shop\",\"item\":\"https:\\\/\\\/www.maisonose.nl\\\/shop\\\/\"},{\"@type\":\"ListItem\",\"position\":3,\"name\":\"Lang mohair vest gem\u00ealeerd bosgroen blauw taupe met dip-dye mouw\"}]},{\"@type\":\"WebSite\",\"@id\":\"https:\\\/\\\/www.maisonose.nl\\\/#website\",\"url\":\"https:\\\/\\\/www.maisonose.nl\\\/\",\"name\":\"Maison Os\u00e9\",\"description\":\"Handgebreide mohair sweaters en cardigans. One of a kind keypieces handknit with quality yarns\",\"publisher\":{\"@id\":\"https:\\\/\\\/www.maisonose.nl\\\/#organization\"},\"potentialAction\":[{\"@type\":\"SearchAction\",\"target\":{\"@type\":\"EntryPoint\",\"urlTemplate\":\"https:\\\/\\\/www.maisonose.nl\\\/?s={search_term_string}\"},\"query-input\":{\"@type\":\"PropertyValueSpecification\",\"valueRequired\":true,\"valueName\":\"search_term_string\"}}],\"inLanguage\":\"en-GB\"},{\"@type\":\"Organization\",\"@id\":\"https:\\\/\\\/www.maisonose.nl\\\/#organization\",\"name\":\"Maison Os\u00e9\",\"url\":\"https:\\\/\\\/www.maisonose.nl\\\/\",\"logo\":{\"@type\":\"ImageObject\",\"inLanguage\":\"en-GB\",\"@id\":\"https:\\\/\\\/www.maisonose.nl\\\/#\\\/schema\\\/logo\\\/image\\\/\",\"url\":\"https:\\\/\\\/www.maisonose.nl\\\/wp-content\\\/uploads\\\/2022\\\/01\\\/cropped-maison-ose-logo-wit-transparant-groot.png\",\"contentUrl\":\"https:\\\/\\\/www.maisonose.nl\\\/wp-content\\\/uploads\\\/2022\\\/01\\\/cropped-maison-ose-logo-wit-transparant-groot.png\",\"width\":1500,\"height\":325,\"caption\":\"Maison Os\u00e9\"},\"image\":{\"@id\":\"https:\\\/\\\/www.maisonose.nl\\\/#\\\/schema\\\/logo\\\/image\\\/\"}}]}<\/script>\n<!-- \/ Yoast SEO plugin. -->","yoast_head_json":{"title":"Lang mohair vest gem\u00ealeerd bosgroen blauw taupe met dip-dye mouw - Maison Os\u00e9","description":"Hand gebreid gem\u00ealeerd lang vest in groen, blauw, taupe en roestoranje mohair. Dit lange damesvest in eco-friendly mohair is hand gebreid.","robots":{"index":"index","follow":"follow","max-snippet":"max-snippet:-1","max-image-preview":"max-image-preview:large","max-video-preview":"max-video-preview:-1"},"canonical":"https:\/\/www.maisonose.nl\/en\/product\/lang-mohair-vest-gemeleerd-groen-blauw-met-dip-dye-mouw\/","og_locale":"en_GB","og_type":"article","og_title":"Lang mohair vest gem\u00ealeerd bosgroen blauw taupe met dip-dye mouw - Maison Os\u00e9","og_description":"Hand gebreid gem\u00ealeerd lang vest in groen, blauw, taupe en roestoranje mohair. Dit lange damesvest in eco-friendly mohair is hand gebreid.","og_url":"https:\/\/www.maisonose.nl\/en\/product\/lang-mohair-vest-gemeleerd-groen-blauw-met-dip-dye-mouw\/","og_site_name":"Maison Os\u00e9","article_modified_time":"2024-09-30T10:36:28+00:00","og_image":[{"width":1920,"height":2560,"url":"https:\/\/www.maisonose.nl\/wp-content\/uploads\/2022\/03\/hand_gebreid_damesvest_mohair_lang_bosgroen_bluaw_bruin_oranje-scaled.jpg","type":"image\/jpeg"}],"twitter_card":"summary_large_image","twitter_misc":{"Estimated reading time":"2 minutes"},"schema":{"@context":"https:\/\/schema.org","@graph":[{"@type":"WebPage","@id":"https:\/\/www.maisonose.nl\/product\/lang-mohair-vest-gemeleerd-groen-blauw-met-dip-dye-mouw\/","url":"https:\/\/www.maisonose.nl\/product\/lang-mohair-vest-gemeleerd-groen-blauw-met-dip-dye-mouw\/","name":"Lang mohair vest gem\u00ealeerd bosgroen blauw taupe met dip-dye mouw - Maison Os\u00e9","isPartOf":{"@id":"https:\/\/www.maisonose.nl\/#website"},"primaryImageOfPage":{"@id":"https:\/\/www.maisonose.nl\/product\/lang-mohair-vest-gemeleerd-groen-blauw-met-dip-dye-mouw\/#primaryimage"},"image":{"@id":"https:\/\/www.maisonose.nl\/product\/lang-mohair-vest-gemeleerd-groen-blauw-met-dip-dye-mouw\/#primaryimage"},"thumbnailUrl":"https:\/\/www.maisonose.nl\/wp-content\/uploads\/2022\/03\/hand_gebreid_damesvest_mohair_lang_bosgroen_bluaw_bruin_oranje-scaled.jpg","datePublished":"2022-03-27T09:50:53+00:00","dateModified":"2024-09-30T10:36:28+00:00","description":"Hand gebreid gem\u00ealeerd lang vest in groen, blauw, taupe en roestoranje mohair. Dit lange damesvest in eco-friendly mohair is hand gebreid.","breadcrumb":{"@id":"https:\/\/www.maisonose.nl\/product\/lang-mohair-vest-gemeleerd-groen-blauw-met-dip-dye-mouw\/#breadcrumb"},"inLanguage":"en-GB","potentialAction":[{"@type":"ReadAction","target":["https:\/\/www.maisonose.nl\/product\/lang-mohair-vest-gemeleerd-groen-blauw-met-dip-dye-mouw\/"]}]},{"@type":"ImageObject","inLanguage":"en-GB","@id":"https:\/\/www.maisonose.nl\/product\/lang-mohair-vest-gemeleerd-groen-blauw-met-dip-dye-mouw\/#primaryimage","url":"https:\/\/www.maisonose.nl\/wp-content\/uploads\/2022\/03\/hand_gebreid_damesvest_mohair_lang_bosgroen_bluaw_bruin_oranje-scaled.jpg","contentUrl":"https:\/\/www.maisonose.nl\/wp-content\/uploads\/2022\/03\/hand_gebreid_damesvest_mohair_lang_bosgroen_bluaw_bruin_oranje-scaled.jpg","width":1920,"height":2560,"caption":"chunkyknit mohair cardigan green blue"},{"@type":"BreadcrumbList","@id":"https:\/\/www.maisonose.nl\/product\/lang-mohair-vest-gemeleerd-groen-blauw-met-dip-dye-mouw\/#breadcrumb","itemListElement":[{"@type":"ListItem","position":1,"name":"Home","item":"https:\/\/www.maisonose.nl\/"},{"@type":"ListItem","position":2,"name":"Shop","item":"https:\/\/www.maisonose.nl\/shop\/"},{"@type":"ListItem","position":3,"name":"Lang mohair vest gem\u00ealeerd bosgroen blauw taupe met dip-dye mouw"}]},{"@type":"WebSite","@id":"https:\/\/www.maisonose.nl\/#website","url":"https:\/\/www.maisonose.nl\/","name":"Maison Os\u00e9","description":"Handgebreide mohair sweaters en cardigans. One of a kind keypieces handknit with quality yarns","publisher":{"@id":"https:\/\/www.maisonose.nl\/#organization"},"potentialAction":[{"@type":"SearchAction","target":{"@type":"EntryPoint","urlTemplate":"https:\/\/www.maisonose.nl\/?s={search_term_string}"},"query-input":{"@type":"PropertyValueSpecification","valueRequired":true,"valueName":"search_term_string"}}],"inLanguage":"en-GB"},{"@type":"Organization","@id":"https:\/\/www.maisonose.nl\/#organization","name":"Maison Os\u00e9","url":"https:\/\/www.maisonose.nl\/","logo":{"@type":"ImageObject","inLanguage":"en-GB","@id":"https:\/\/www.maisonose.nl\/#\/schema\/logo\/image\/","url":"https:\/\/www.maisonose.nl\/wp-content\/uploads\/2022\/01\/cropped-maison-ose-logo-wit-transparant-groot.png","contentUrl":"https:\/\/www.maisonose.nl\/wp-content\/uploads\/2022\/01\/cropped-maison-ose-logo-wit-transparant-groot.png","width":1500,"height":325,"caption":"Maison Os\u00e9"},"image":{"@id":"https:\/\/www.maisonose.nl\/#\/schema\/logo\/image\/"}}]}},"_links":{"self":[{"href":"https:\/\/www.maisonose.nl\/en\/wp-json\/wp\/v2\/product\/2835","targetHints":{"allow":["GET"]}}],"collection":[{"href":"https:\/\/www.maisonose.nl\/en\/wp-json\/wp\/v2\/product"}],"about":[{"href":"https:\/\/www.maisonose.nl\/en\/wp-json\/wp\/v2\/types\/product"}],"replies":[{"embeddable":true,"href":"https:\/\/www.maisonose.nl\/en\/wp-json\/wp\/v2\/comments?post=2835"}],"wp:featuredmedia":[{"embeddable":true,"href":"https:\/\/www.maisonose.nl\/en\/wp-json\/wp\/v2\/media\/2831"}],"wp:attachment":[{"href":"https:\/\/www.maisonose.nl\/en\/wp-json\/wp\/v2\/media?parent=2835"}],"wp:term":[{"taxonomy":"product_brand","embeddable":true,"href":"https:\/\/www.maisonose.nl\/en\/wp-json\/wp\/v2\/product_brand?post=2835"},{"taxonomy":"product_cat","embeddable":true,"href":"https:\/\/www.maisonose.nl\/en\/wp-json\/wp\/v2\/product_cat?post=2835"},{"taxonomy":"product_tag","embeddable":true,"href":"https:\/\/www.maisonose.nl\/en\/wp-json\/wp\/v2\/product_tag?post=2835"}],"curies":[{"name":"wp","href":"https:\/\/api.w.org\/{rel}","templated":true}]}}